{"id":63335,"date":"2023-06-26T10:34:21","date_gmt":"2023-06-26T10:34:21","guid":{"rendered":"https:\/\/www.ehthele.com\/icon-earrings\/"},"modified":"2023-06-26T10:34:21","modified_gmt":"2023-06-26T10:34:21","slug":"icon-earrings","status":"publish","type":"product","link":"https:\/\/www.ehthele.com\/de\/icon-earrings\/","title":{"rendered":"Icon Earrings"},"content":{"rendered":"<p>Klassisch und elegant, w\u00e4hlen Sie die Icon Earrings und lassen Sie sie zu einem gesch\u00e4tzten Accessoire werden, das Sie durch alle Momente des Lebens begleitet und alle Teints von den hellsten bis zu den dunkelsten erg\u00e4nzt. Erleben Sie die luxuri\u00f6se Sch\u00f6nheit von feinem Schmuck und feiern Sie den Reiz der Icon-Kollektion, die mit Ihrem pers\u00f6nlichen Stil mitschwingt und mit ihren 68 brillantgeschliffenen Diamanten, insgesamt 1 Karat, all Ihre Outfits signiert.<\/p>\n","protected":false},"excerpt":{"rendered":"<p><span style=\"font-weight: 400;\">Referenz: Icon Earrings Diamantohrringe f\u00fcr Frauen und M\u00e4nner EH-E003YG<\/span><\/p>\n<p>&nbsp;<\/p>\n<p><span style=\"font-weight: 400;\">Kollektion: Icon<\/span><\/p>\n<p><span style=\"font-weight: 400;\">Schmuckart: Ohrringe<\/span><\/p>\n<p><span style=\"font-weight: 400;\">Metall: Gelbgold<\/span><\/p>\n<p><span style=\"font-weight: 400;\">Steine: Diamant<\/span><\/p>\n<p><span style=\"font-weight: 400;\">Gesamtdiamantgewicht: 1 Karat<\/span><\/p>\n<p><span style=\"font-weight: 400;\">Kategorie: Ohrringe f\u00fcr Frauen und M\u00e4nner<\/span><\/p>\n<p>&nbsp;<\/p>\n<p><span style=\"font-weight: 400;\">Alle St\u00fccke der Ehthele Jewelry Kollektion sind einzigartig. Das Gewicht, die Gr\u00f6\u00dfe und das Karatgewicht jedes St\u00fccks k\u00f6nnen von einem zum anderen leicht variieren.<\/span><\/p>\n","protected":false},"featured_media":23358,"template":"","meta":[],"product_cat":[436],"product_tag":[534],"class_list":{"0":"post-63335","1":"product","2":"type-product","3":"status-publish","4":"has-post-thumbnail","6":"product_cat-ohrringe","7":"product_tag-icon-diamant-kollektion","9":"first","10":"instock","11":"shipping-taxable","12":"purchasable","13":"product-type-simple"},"acf":[],"_links":{"self":[{"href":"https:\/\/www.ehthele.com\/de\/wp-json\/wp\/v2\/product\/63335","targetHints":{"allow":["GET"]}}],"collection":[{"href":"https:\/\/www.ehthele.com\/de\/wp-json\/wp\/v2\/product"}],"about":[{"href":"https:\/\/www.ehthele.com\/de\/wp-json\/wp\/v2\/types\/product"}],"wp:featuredmedia":[{"embeddable":true,"href":"https:\/\/www.ehthele.com\/de\/wp-json\/wp\/v2\/media\/23358"}],"wp:attachment":[{"href":"https:\/\/www.ehthele.com\/de\/wp-json\/wp\/v2\/media?parent=63335"}],"wp:term":[{"taxonomy":"product_cat","embeddable":true,"href":"https:\/\/www.ehthele.com\/de\/wp-json\/wp\/v2\/product_cat?post=63335"},{"taxonomy":"product_tag","embeddable":true,"href":"https:\/\/www.ehthele.com\/de\/wp-json\/wp\/v2\/product_tag?post=63335"}],"curies":[{"name":"wp","href":"https:\/\/api.w.org\/{rel}","templated":true}]}}