{"id":63333,"date":"2023-06-26T10:32:05","date_gmt":"2023-06-26T10:32:05","guid":{"rendered":"https:\/\/www.ehthele.com\/icon-asymmetry-earrings\/"},"modified":"2023-10-04T18:40:05","modified_gmt":"2023-10-04T18:40:05","slug":"icon-asymmetry-earrings","status":"publish","type":"product","link":"https:\/\/www.ehthele.com\/de\/icon-asymmetry-earrings\/","title":{"rendered":"Icon Asymmetry Earrings"},"content":{"rendered":"<p>Lassen Sie die Icon Asymmetry Earrings aus der Icon-Kollektion Ihre erste Wahl f\u00fcr besondere Anl\u00e4sse sein, bei denen Sie strahlen m\u00f6chten. Gefertigt aus 18K Gelbgold und besetzt mit 60 brillantgeschliffenen Diamanten, die insgesamt 0,900 Karat wiegen, sind diese Ohrringe darauf ausgelegt, Aufmerksamkeit zu fesseln und einen bleibenden Eindruck zu hinterlassen. Ihre au\u00dfergew\u00f6hnliche Handwerkskunst und zeitlose Sch\u00f6nheit verk\u00f6rpern das Erbe von Ehthele an Eleganz und Verfeinerung. G\u00f6nnen Sie sich den Glanz von feinem Schmuck und feiern Sie die au\u00dfergew\u00f6hnlichen Momente des Lebens mit den Icon Asymmetry Earrings, einem wahren Symbol f\u00fcr Luxus und Stil.<\/p>\n","protected":false},"excerpt":{"rendered":"<p><span style=\"font-weight: 400;\">Referenz: Icon Asymmetry Earrings Diamantohrringe f\u00fcr Frauen und M\u00e4nner EH-E001YG<\/span><\/p>\n<p><span style=\"font-weight: 400;\">Kollektion: Icon<\/span><\/p>\n<p><span style=\"font-weight: 400;\">Schmuckart: Ohrringe<\/span><\/p>\n<p><span style=\"font-weight: 400;\">Metall: Gelbgold<\/span><\/p>\n<p><span style=\"font-weight: 400;\">Steine: Diamant<\/span><\/p>\n<p><span style=\"font-weight: 400;\">Gesamtdiamantgewicht: 0,900 Karat<\/span><\/p>\n<p><span style=\"font-weight: 400;\">Kategorie: Ohrringe f\u00fcr Frauen und M\u00e4nner<\/span><\/p>\n<p>&nbsp;<\/p>\n<p><span style=\"font-weight: 400;\">Alle St\u00fccke der Ehthele Jewelry Kollektion sind einzigartig. Das Gewicht, die Gr\u00f6\u00dfe und das Karatgewicht jedes St\u00fccks k\u00f6nnen von einem zum anderen leicht variieren.<\/span><\/p>\n","protected":false},"featured_media":23309,"template":"","meta":[],"product_cat":[436],"product_tag":[534],"class_list":{"0":"post-63333","1":"product","2":"type-product","3":"status-publish","4":"has-post-thumbnail","6":"product_cat-ohrringe","7":"product_tag-icon-diamant-kollektion","9":"first","10":"instock","11":"shipping-taxable","12":"purchasable","13":"product-type-simple"},"acf":[],"_links":{"self":[{"href":"https:\/\/www.ehthele.com\/de\/wp-json\/wp\/v2\/product\/63333","targetHints":{"allow":["GET"]}}],"collection":[{"href":"https:\/\/www.ehthele.com\/de\/wp-json\/wp\/v2\/product"}],"about":[{"href":"https:\/\/www.ehthele.com\/de\/wp-json\/wp\/v2\/types\/product"}],"wp:featuredmedia":[{"embeddable":true,"href":"https:\/\/www.ehthele.com\/de\/wp-json\/wp\/v2\/media\/23309"}],"wp:attachment":[{"href":"https:\/\/www.ehthele.com\/de\/wp-json\/wp\/v2\/media?parent=63333"}],"wp:term":[{"taxonomy":"product_cat","embeddable":true,"href":"https:\/\/www.ehthele.com\/de\/wp-json\/wp\/v2\/product_cat?post=63333"},{"taxonomy":"product_tag","embeddable":true,"href":"https:\/\/www.ehthele.com\/de\/wp-json\/wp\/v2\/product_tag?post=63333"}],"curies":[{"name":"wp","href":"https:\/\/api.w.org\/{rel}","templated":true}]}}