{"id":63331,"date":"2023-06-16T11:57:24","date_gmt":"2023-06-16T11:57:24","guid":{"rendered":"https:\/\/www.ehthele.com\/elixir-earrings\/"},"modified":"2023-06-16T11:57:24","modified_gmt":"2023-06-16T11:57:24","slug":"elixir-earrings","status":"publish","type":"product","link":"https:\/\/www.ehthele.com\/de\/elixir-earrings\/","title":{"rendered":"Elixir Earrings"},"content":{"rendered":"<p>Umarmen Sie den Charme der Eleganz mit diesen Ohrringen aus der verzaubernden Elixir-Kollektion. Gefertigt aus 18K Gelbgold, sind sie verziert mit 84 brillantgeschliffenen Diamanten, die insgesamt 0,77 Karat wiegen. Die kunstvolle Anordnung der im Labor gewachsenen Diamanten betont wundersch\u00f6n ihre anmutigen Kurven und spiegelt das faszinierende Zusammenspiel von Licht und Form wider. Das goldene Leuchten der Ohrringe erg\u00e4nzt das strahlende Funkeln der Diamanten und schafft eine harmonische Mischung aus Luxus und Raffinesse. Ob zu einem besonderen Anlass oder um den t\u00e4glichen Stil zu erh\u00f6hen, diese Elixir Earrings sind ein gesch\u00e4tzter Schatz.<\/p>\n","protected":false},"excerpt":{"rendered":"<p><span style=\"font-weight: 400;\">Referenz: Elixir Earrings Diamantohrringe f\u00fcr Frauen und M\u00e4nner EH-E007YG<\/span><\/p>\n<p><span style=\"font-weight: 400;\">Kollektion: Elixir<\/span><\/p>\n<p><span style=\"font-weight: 400;\">Schmuckart: Ohrringe<\/span><\/p>\n<p><span style=\"font-weight: 400;\">Metall: Gelbgold<\/span><\/p>\n<p><span style=\"font-weight: 400;\">Steine: Diamant<\/span><\/p>\n<p><span style=\"font-weight: 400;\">Gesamtdiamantgewicht: 0,77 Karat<\/span><\/p>\n<p><span style=\"font-weight: 400;\">Kategorie: Ohrringe f\u00fcr Frauen und M\u00e4nner<\/span><\/p>\n<p>&nbsp;<\/p>\n<p><span style=\"font-weight: 400;\">Alle St\u00fccke der Ehthele Jewelry Kollektion sind einzigartig. Das Gewicht, die Gr\u00f6\u00dfe und das Karatgewicht jedes St\u00fccks k\u00f6nnen von einem zum anderen leicht variieren.<\/span><\/p>\n","protected":false},"featured_media":23449,"template":"","meta":[],"product_cat":[436],"product_tag":[520],"class_list":{"0":"post-63331","1":"product","2":"type-product","3":"status-publish","4":"has-post-thumbnail","6":"product_cat-ohrringe","7":"product_tag-elixir-diamant-kollektion","9":"first","10":"instock","11":"shipping-taxable","12":"purchasable","13":"product-type-simple"},"acf":[],"_links":{"self":[{"href":"https:\/\/www.ehthele.com\/de\/wp-json\/wp\/v2\/product\/63331","targetHints":{"allow":["GET"]}}],"collection":[{"href":"https:\/\/www.ehthele.com\/de\/wp-json\/wp\/v2\/product"}],"about":[{"href":"https:\/\/www.ehthele.com\/de\/wp-json\/wp\/v2\/types\/product"}],"wp:featuredmedia":[{"embeddable":true,"href":"https:\/\/www.ehthele.com\/de\/wp-json\/wp\/v2\/media\/23449"}],"wp:attachment":[{"href":"https:\/\/www.ehthele.com\/de\/wp-json\/wp\/v2\/media?parent=63331"}],"wp:term":[{"taxonomy":"product_cat","embeddable":true,"href":"https:\/\/www.ehthele.com\/de\/wp-json\/wp\/v2\/product_cat?post=63331"},{"taxonomy":"product_tag","embeddable":true,"href":"https:\/\/www.ehthele.com\/de\/wp-json\/wp\/v2\/product_tag?post=63331"}],"curies":[{"name":"wp","href":"https:\/\/api.w.org\/{rel}","templated":true}]}}