{"id":63317,"date":"2023-06-26T11:10:26","date_gmt":"2023-06-26T11:10:26","guid":{"rendered":"https:\/\/www.ehthele.com\/essential-trinity-bracelet\/"},"modified":"2023-06-26T11:10:26","modified_gmt":"2023-06-26T11:10:26","slug":"essential-trinity-bracelet","status":"publish","type":"product","link":"https:\/\/www.ehthele.com\/de\/essential-trinity-bracelet\/","title":{"rendered":"Essential Trinity Bracelet"},"content":{"rendered":"<p>Opulente Brillanz verschmilzt mit zeitloser Eleganz und wird im gl\u00e4nzenden Essential Trinity Bracelet lebendig. Aus 18K Wei\u00dfgold gefertigt und mit einer opulenten Auswahl an Brillanten geschm\u00fcckt, funkelt es mit einem raffinierten Design an Ihrem Handgelenk. Ein Schatz, der in Ehren gehalten wird, dieses Armband ist mehr als nur ein Accessoire; es ist ein atemberaubender Schmuck, reserviert f\u00fcr besondere Anl\u00e4sse und unvergessliche Momente. Erleben Sie die Verschmelzung von exquisitem Wei\u00dfgold und dem hypnotisierenden Funkeln von Diamanten, in einem harmonischen Tanz aus Luxus und Glamour.<\/p>\n","protected":false},"excerpt":{"rendered":"<p><span style=\"font-weight: 400;\">Referenz: Essential Trinity Bracelet Diamantarmband f\u00fcr Frauen und M\u00e4nner EH-B007WG<\/span><\/p>\n<p><span style=\"font-weight: 400;\">Kollektion: Essential<\/span><\/p>\n<p><span style=\"font-weight: 400;\">Schmuckart: Armband<\/span><\/p>\n<p><span style=\"font-weight: 400;\">Metall: Wei\u00dfgold<\/span><\/p>\n<p><span style=\"font-weight: 400;\">Steine: Diamant<\/span><\/p>\n<p><span style=\"font-weight: 400;\">Gesamtdiamantgewicht: Von 6,930 Karat bis 7,320 Karat <\/span><\/p>\n<p><span style=\"font-weight: 400;\">Kategorie: Armb\u00e4nder f\u00fcr Frauen und M\u00e4nner<\/span><\/p>\n<p>&nbsp;<\/p>\n<p><span style=\"font-weight: 400;\">Alle St\u00fccke der Ehthele Jewelry Kollektion sind einzigartig. Das Gewicht, die Gr\u00f6\u00dfe und das Karatgewicht jedes St\u00fccks k\u00f6nnen von einem zum anderen leicht variieren.<\/span><\/p>\n","protected":false},"featured_media":23722,"template":"","meta":[],"product_cat":[433],"product_tag":[529],"class_list":{"0":"post-63317","1":"product","2":"type-product","3":"status-publish","4":"has-post-thumbnail","6":"product_cat-armbander","7":"product_tag-essential-diamant-kollektion","9":"first","10":"instock","11":"shipping-taxable","12":"purchasable","13":"product-type-variable","14":"has-default-attributes"},"acf":[],"_links":{"self":[{"href":"https:\/\/www.ehthele.com\/de\/wp-json\/wp\/v2\/product\/63317","targetHints":{"allow":["GET"]}}],"collection":[{"href":"https:\/\/www.ehthele.com\/de\/wp-json\/wp\/v2\/product"}],"about":[{"href":"https:\/\/www.ehthele.com\/de\/wp-json\/wp\/v2\/types\/product"}],"wp:featuredmedia":[{"embeddable":true,"href":"https:\/\/www.ehthele.com\/de\/wp-json\/wp\/v2\/media\/23722"}],"wp:attachment":[{"href":"https:\/\/www.ehthele.com\/de\/wp-json\/wp\/v2\/media?parent=63317"}],"wp:term":[{"taxonomy":"product_cat","embeddable":true,"href":"https:\/\/www.ehthele.com\/de\/wp-json\/wp\/v2\/product_cat?post=63317"},{"taxonomy":"product_tag","embeddable":true,"href":"https:\/\/www.ehthele.com\/de\/wp-json\/wp\/v2\/product_tag?post=63317"}],"curies":[{"name":"wp","href":"https:\/\/api.w.org\/{rel}","templated":true}]}}