{"id":63311,"date":"2023-06-26T11:06:44","date_gmt":"2023-06-26T11:06:44","guid":{"rendered":"https:\/\/www.ehthele.com\/essential-tenis-bracelet\/"},"modified":"2023-10-04T17:45:11","modified_gmt":"2023-10-04T17:45:11","slug":"essential-tenis-bracelet","status":"publish","type":"product","link":"https:\/\/www.ehthele.com\/de\/essential-tenis-bracelet\/","title":{"rendered":"Essential Tenis Bracelet"},"content":{"rendered":"<p>Mit diesem Diamantarmband aus 18 K Wei\u00dfgold l\u00e4sst Ehthele die klassische Diamantkette f\u00fcr Damen und Herren wieder aufleben. Dieser mit Brillanten besetzte Lichtfaden l\u00e4sst sich ganz einfach am Handgelenk anlegen und abnehmen und passt sich dank seiner Flexibilit\u00e4t jeder K\u00f6rperform an. Das schicke, minimalistische Essential Tenis Bracelet wird schnell zu Ihrem Lieblings-Diamantarmband aus Wei\u00dfgold, das Sie nie mehr ablegen werden. Dieses luxuri\u00f6se Armband erg\u00e4nzt jede Garderobe und unterstreicht Ihren femininen Look. Das Wei\u00dfgold verschmilzt harmonisch mit den kostbaren Edelsteinen und unterstreicht die Schwerelosigkeit der Diamanten.<\/p>\n","protected":false},"excerpt":{"rendered":"<p><span style=\"font-weight: 400;\">Referenz: Essential Tenis Bracelet Diamantarmband f\u00fcr Frauen und M\u00e4nner EH-B008WG<\/span><\/p>\n<p><span style=\"font-weight: 400;\">Kollektion: Icon<\/span><\/p>\n<p><span style=\"font-weight: 400;\">Schmuckart: Armband<\/span><\/p>\n<p><span style=\"font-weight: 400;\">Metall: Wei\u00dfgold<\/span><\/p>\n<p><span style=\"font-weight: 400;\">Steine: Diamant<\/span><\/p>\n<p><span style=\"font-weight: 400;\">Gesamtdiamantgewicht: Von 3,370 Karat bis 3,740 Karat<\/span><\/p>\n<p><span style=\"font-weight: 400;\">Kategorie: Armb\u00e4nder f\u00fcr Frauen und M\u00e4nner<\/span><\/p>\n<p>&nbsp;<\/p>\n<p><span style=\"font-weight: 400;\">Alle St\u00fccke der Ehthele Jewelry Kollektion sind einzigartig. Das Gewicht, die Gr\u00f6\u00dfe und das Karatgewicht jedes St\u00fccks k\u00f6nnen von einem zum anderen leicht variieren.<\/span><\/p>\n","protected":false},"featured_media":23687,"template":"","meta":[],"product_cat":[433],"product_tag":[529],"class_list":{"0":"post-63311","1":"product","2":"type-product","3":"status-publish","4":"has-post-thumbnail","6":"product_cat-armbander","7":"product_tag-essential-diamant-kollektion","9":"first","10":"instock","11":"shipping-taxable","12":"purchasable","13":"product-type-variable","14":"has-default-attributes"},"acf":[],"_links":{"self":[{"href":"https:\/\/www.ehthele.com\/de\/wp-json\/wp\/v2\/product\/63311","targetHints":{"allow":["GET"]}}],"collection":[{"href":"https:\/\/www.ehthele.com\/de\/wp-json\/wp\/v2\/product"}],"about":[{"href":"https:\/\/www.ehthele.com\/de\/wp-json\/wp\/v2\/types\/product"}],"wp:featuredmedia":[{"embeddable":true,"href":"https:\/\/www.ehthele.com\/de\/wp-json\/wp\/v2\/media\/23687"}],"wp:attachment":[{"href":"https:\/\/www.ehthele.com\/de\/wp-json\/wp\/v2\/media?parent=63311"}],"wp:term":[{"taxonomy":"product_cat","embeddable":true,"href":"https:\/\/www.ehthele.com\/de\/wp-json\/wp\/v2\/product_cat?post=63311"},{"taxonomy":"product_tag","embeddable":true,"href":"https:\/\/www.ehthele.com\/de\/wp-json\/wp\/v2\/product_tag?post=63311"}],"curies":[{"name":"wp","href":"https:\/\/api.w.org\/{rel}","templated":true}]}}