{"id":63303,"date":"2023-06-26T10:06:33","date_gmt":"2023-06-26T10:06:33","guid":{"rendered":"https:\/\/www.ehthele.com\/icon-twin-bracelet\/"},"modified":"2023-06-26T10:06:33","modified_gmt":"2023-06-26T10:06:33","slug":"icon-twin-bracelet","status":"publish","type":"product","link":"https:\/\/www.ehthele.com\/de\/icon-twin-bracelet\/","title":{"rendered":"Icon Twin Bracelet"},"content":{"rendered":"<p>Das Icon Twin Bracelet S aus der Icon-Kollektion ist die perfekte Verbindung von K\u00fchnheit und Raffinesse und symbolisiert die Essenz der Schmuckkunst von Ehthele. Jeder der 196 Diamanten im Brillantschliff mit insgesamt 1,78 Karat steht f\u00fcr die kostbaren Momente des Lebens und macht diesen Armreif nicht nur zu einem luxuri\u00f6sen Accessoire, sondern auch zu einem wertvollen Andenken. Dieses handgefertigte Meisterwerk strahlt Raffinesse und Charme aus und stellt die Kunstfertigkeit von Ehthele unter Beweis.<\/p>\n","protected":false},"excerpt":{"rendered":"<p><span style=\"font-weight: 400;\">Referenz: Icon Twin Bracelet Diamantarmband f\u00fcr Frauen und M\u00e4nner EH-B002YG<\/span><\/p>\n<p><span style=\"font-weight: 400;\">Kollektion: Icon<\/span><\/p>\n<p><span style=\"font-weight: 400;\">Schmuckart: Armband<\/span><\/p>\n<p><span style=\"font-weight: 400;\">Metall: Gelbgold<\/span><\/p>\n<p><span style=\"font-weight: 400;\">Steine: Diamant<\/span><\/p>\n<p><span style=\"font-weight: 400;\">Gesamtdiamantgewicht: 1,78 Karat<\/span><\/p>\n<p><span style=\"font-weight: 400;\">Kategorie: Armb\u00e4nder f\u00fcr Frauen und M\u00e4nner<\/span><\/p>\n<p>&nbsp;<\/p>\n<p><span style=\"font-weight: 400;\">Alle St\u00fccke der Ehthele Jewelry Kollektion sind einzigartig. Das Gewicht, die Gr\u00f6\u00dfe und das Karatgewicht jedes St\u00fccks k\u00f6nnen von einem zum anderen leicht variieren.<\/span><\/p>\n","protected":false},"featured_media":23337,"template":"","meta":[],"product_cat":[433],"product_tag":[534],"class_list":{"0":"post-63303","1":"product","2":"type-product","3":"status-publish","4":"has-post-thumbnail","6":"product_cat-armbander","7":"product_tag-icon-diamant-kollektion","9":"first","10":"instock","11":"shipping-taxable","12":"purchasable","13":"product-type-variable","14":"has-default-attributes"},"acf":[],"_links":{"self":[{"href":"https:\/\/www.ehthele.com\/de\/wp-json\/wp\/v2\/product\/63303","targetHints":{"allow":["GET"]}}],"collection":[{"href":"https:\/\/www.ehthele.com\/de\/wp-json\/wp\/v2\/product"}],"about":[{"href":"https:\/\/www.ehthele.com\/de\/wp-json\/wp\/v2\/types\/product"}],"wp:featuredmedia":[{"embeddable":true,"href":"https:\/\/www.ehthele.com\/de\/wp-json\/wp\/v2\/media\/23337"}],"wp:attachment":[{"href":"https:\/\/www.ehthele.com\/de\/wp-json\/wp\/v2\/media?parent=63303"}],"wp:term":[{"taxonomy":"product_cat","embeddable":true,"href":"https:\/\/www.ehthele.com\/de\/wp-json\/wp\/v2\/product_cat?post=63303"},{"taxonomy":"product_tag","embeddable":true,"href":"https:\/\/www.ehthele.com\/de\/wp-json\/wp\/v2\/product_tag?post=63303"}],"curies":[{"name":"wp","href":"https:\/\/api.w.org\/{rel}","templated":true}]}}