{"id":63287,"date":"2023-06-26T09:42:32","date_gmt":"2023-06-26T09:42:32","guid":{"rendered":"https:\/\/www.ehthele.com\/icon-twin-ring\/"},"modified":"2023-06-26T09:42:32","modified_gmt":"2023-06-26T09:42:32","slug":"icon-twin-ring","status":"publish","type":"product","link":"https:\/\/www.ehthele.com\/de\/icon-twin-ring\/","title":{"rendered":"Icon Twin Ring"},"content":{"rendered":"<p>Der Icon Twin Ring umschlie\u00dft Ihren Finger wie ein goldenes Band. Gefertigt in 18k Gelbgold, ist dieser exquisite Ring verziert mit 74 brillantgeschliffenen Diamanten, insgesamt 0,675 Karat. Die rhythmische Anordnung der im Labor gewachsenen Diamanten spiegelt die Fl\u00fcssigkeit Ihrer Bewegungen wider und verleiht jeder Bewegung einen bezaubernden Glanz. Das symbolische Gelbgold, Synonym f\u00fcr Wertvollheit, versch\u00f6nert und streichelt die Diamanten und verleiht ihnen eine sanfte und strahlende Ber\u00fchrung. Entdecken Sie das perfekte Gelbgold Diamantband, bestimmt, Ihr treuer Begleiter f\u00fcr allt\u00e4gliche Momente zu sein.<\/p>\n","protected":false},"excerpt":{"rendered":"<p><span style=\"font-weight: 400;\">Referenz: Icon Twin Ring Diamantring f\u00fcr Frauen und M\u00e4nner EH-R001YG<\/span><\/p>\n<p><span style=\"font-weight: 400;\">Kollektion: Icon <\/span><\/p>\n<p><span style=\"font-weight: 400;\">Schmucktyp: Ringe<\/span><\/p>\n<p><span style=\"font-weight: 400;\">Metall: Gelbgold<\/span><\/p>\n<p><span style=\"font-weight: 400;\">Steine: Diamant<\/span><\/p>\n<p><span style=\"font-weight: 400;\">Gesamtdiamantgewicht: 0,675 Karat <\/span><\/p>\n<p><span style=\"font-weight: 400;\">Kategorie: Ring f\u00fcr Damen und Herren <\/span><\/p>\n<p>&nbsp;<\/p>\n<p><span style=\"font-weight: 400;\">Alle St\u00fccke der Ehthele Jewelry Kollektion sind einzigartig. Das Gewicht, die Gr\u00f6\u00dfe und das Karatgewicht jedes St\u00fccks k\u00f6nnen von einem zum anderen leicht variieren.<\/span><\/p>\n","protected":false},"featured_media":23428,"template":"","meta":[],"product_cat":[434],"product_tag":[534],"class_list":{"0":"post-63287","1":"product","2":"type-product","3":"status-publish","4":"has-post-thumbnail","6":"product_cat-ringe","7":"product_tag-icon-diamant-kollektion","9":"first","10":"instock","11":"shipping-taxable","12":"purchasable","13":"product-type-variable","14":"has-default-attributes"},"acf":[],"_links":{"self":[{"href":"https:\/\/www.ehthele.com\/de\/wp-json\/wp\/v2\/product\/63287","targetHints":{"allow":["GET"]}}],"collection":[{"href":"https:\/\/www.ehthele.com\/de\/wp-json\/wp\/v2\/product"}],"about":[{"href":"https:\/\/www.ehthele.com\/de\/wp-json\/wp\/v2\/types\/product"}],"wp:featuredmedia":[{"embeddable":true,"href":"https:\/\/www.ehthele.com\/de\/wp-json\/wp\/v2\/media\/23428"}],"wp:attachment":[{"href":"https:\/\/www.ehthele.com\/de\/wp-json\/wp\/v2\/media?parent=63287"}],"wp:term":[{"taxonomy":"product_cat","embeddable":true,"href":"https:\/\/www.ehthele.com\/de\/wp-json\/wp\/v2\/product_cat?post=63287"},{"taxonomy":"product_tag","embeddable":true,"href":"https:\/\/www.ehthele.com\/de\/wp-json\/wp\/v2\/product_tag?post=63287"}],"curies":[{"name":"wp","href":"https:\/\/api.w.org\/{rel}","templated":true}]}}