{"id":63279,"date":"2023-06-26T09:31:59","date_gmt":"2023-06-26T09:31:59","guid":{"rendered":"https:\/\/www.ehthele.com\/icon-asymmetry-ring\/"},"modified":"2023-10-04T17:30:05","modified_gmt":"2023-10-04T17:30:05","slug":"icon-asymmetry-ring","status":"publish","type":"product","link":"https:\/\/www.ehthele.com\/de\/icon-asymmetry-ring\/","title":{"rendered":"Icon Asymmetry Ring"},"content":{"rendered":"<p>Entfesseln Sie Ihren Sinn f\u00fcr Individualit\u00e4t mit dem fesselnden Icon Asymmetry Ring aus der Icon-Kollektion. Hergestellt aus 18 K Gelbgold, feiert dieser Ring die Sch\u00f6nheit der Asymmetrie als Element der Eleganz. Mit einem Pav\u00e9 von 57 brillantgeschliffenen Diamanten, die insgesamt 0,522 Karat wiegen, strahlt dieses St\u00fcck einen einzigartigen Charme aus, der es auszeichnet. Die unkonventionelle Anordnung der im Labor gez\u00fcchteten Diamanten schafft einen faszinierenden visuellen Effekt, der aus jedem Blickwinkel die Aufmerksamkeit auf sich zieht. Sorgf\u00e4ltig von Hand gefertigt, zeigt dieser Ring die Kunst von Ehthele in einer harmonischen Verschmelzung von W\u00e4rme und Pracht.<\/p>\n","protected":false},"excerpt":{"rendered":"<p><span style=\"font-weight: 400;\">Referenz: Icon Asymmetry Ring Diamantring f\u00fcr Frauen und M\u00e4nner EH-R002YG<\/span><\/p>\n<p><span style=\"font-weight: 400;\">Kollektion: Icon <\/span><\/p>\n<p><span style=\"font-weight: 400;\">Schmucktyp: Ringe<\/span><\/p>\n<p><span style=\"font-weight: 400;\">Metall: Gelbgold<\/span><\/p>\n<p><span style=\"font-weight: 400;\">Steine: Diamant<\/span><\/p>\n<p><span style=\"font-weight: 400;\">Gesamtdiamantgewicht: 0,522 Karat <\/span><\/p>\n<p><span style=\"font-weight: 400;\">Kategorie: Ring f\u00fcr Damen und Herren <\/span><\/p>\n<p>&nbsp;<\/p>\n<p><span style=\"font-weight: 400;\">Alle St\u00fccke der Ehthele Jewelry Kollektion sind einzigartig. Das Gewicht, die Gr\u00f6\u00dfe und das Karatgewicht jedes St\u00fccks k\u00f6nnen von einem zum anderen leicht variieren.<\/span><\/p>\n","protected":false},"featured_media":23414,"template":"","meta":[],"product_cat":[434],"product_tag":[534],"class_list":{"0":"post-63279","1":"product","2":"type-product","3":"status-publish","4":"has-post-thumbnail","6":"product_cat-ringe","7":"product_tag-icon-diamant-kollektion","9":"first","10":"instock","11":"shipping-taxable","12":"purchasable","13":"product-type-variable","14":"has-default-attributes"},"acf":[],"_links":{"self":[{"href":"https:\/\/www.ehthele.com\/de\/wp-json\/wp\/v2\/product\/63279","targetHints":{"allow":["GET"]}}],"collection":[{"href":"https:\/\/www.ehthele.com\/de\/wp-json\/wp\/v2\/product"}],"about":[{"href":"https:\/\/www.ehthele.com\/de\/wp-json\/wp\/v2\/types\/product"}],"wp:featuredmedia":[{"embeddable":true,"href":"https:\/\/www.ehthele.com\/de\/wp-json\/wp\/v2\/media\/23414"}],"wp:attachment":[{"href":"https:\/\/www.ehthele.com\/de\/wp-json\/wp\/v2\/media?parent=63279"}],"wp:term":[{"taxonomy":"product_cat","embeddable":true,"href":"https:\/\/www.ehthele.com\/de\/wp-json\/wp\/v2\/product_cat?post=63279"},{"taxonomy":"product_tag","embeddable":true,"href":"https:\/\/www.ehthele.com\/de\/wp-json\/wp\/v2\/product_tag?post=63279"}],"curies":[{"name":"wp","href":"https:\/\/api.w.org\/{rel}","templated":true}]}}