{"id":63247,"date":"2023-06-26T10:38:30","date_gmt":"2023-06-26T10:38:30","guid":{"rendered":"https:\/\/www.ehthele.com\/essential-majesty-ring\/"},"modified":"2023-10-04T17:16:22","modified_gmt":"2023-10-04T17:16:22","slug":"essential-majesty-ring","status":"publish","type":"product","link":"https:\/\/www.ehthele.com\/de\/essential-majesty-ring\/","title":{"rendered":"Essential Majesty Ring"},"content":{"rendered":"<p><span style=\"font-weight: 400;\">Aus unserem Essential Majesty Ring strahlt pure Emotion. Mit gr\u00f6\u00dfter Sorgfalt und Pr\u00e4zision gefertigt, ist dieses exquisite St\u00fcck ein Zeugnis der Schlichtheit und des Glanzes von Wei\u00dfgold. Entworfen, um am Ringfinger getragen zu werden oder als Mini-Diamantring kombiniert mit gro\u00dfen Diamanten im beliebten Layering-Trend, bietet er Vielseitigkeit und Eleganz. Seine 86 Brillantschliff-Diamanten werden durch eine glitzernde Krone aus im Labor gez\u00fcchteten Brillantschliff-Diamanten betont.<\/span><\/p>\n","protected":false},"excerpt":{"rendered":"<p><span style=\"font-weight: 400;\">Referenz: Essential Majesty Ring Diamantring f\u00fcr Frauen und M\u00e4nner EH-R007-200WG<\/span><\/p>\n<p><span style=\"font-weight: 400;\">Kollektion: Essential <\/span><\/p>\n<p><span style=\"font-weight: 400;\">Schmucktyp: Ringe<\/span><\/p>\n<p><span style=\"font-weight: 400;\">Metall: Wei\u00dfgold<\/span><\/p>\n<p><span style=\"font-weight: 400;\">Steine: Diamant<\/span><\/p>\n<p><span style=\"font-weight: 400;\">Gesamtdiamantgewicht: Von 3,5 Karat bis 3,63 Karat<\/span><\/p>\n<p><span style=\"font-weight: 400;\">Kategorie: Ring f\u00fcr Damen und Herren <\/span><\/p>\n<p>&nbsp;<\/p>\n<p><span style=\"font-weight: 400;\">Alle St\u00fccke der Ehthele Jewelry Kollektion sind einzigartig. Das Gewicht, die Gr\u00f6\u00dfe und das Karatgewicht jedes St\u00fccks k\u00f6nnen von einem zum anderen leicht variieren.<\/span><\/p>\n","protected":false},"featured_media":23652,"template":"","meta":[],"product_cat":[434],"product_tag":[529],"class_list":{"0":"post-63247","1":"product","2":"type-product","3":"status-publish","4":"has-post-thumbnail","6":"product_cat-ringe","7":"product_tag-essential-diamant-kollektion","9":"first","10":"instock","11":"shipping-taxable","12":"purchasable","13":"product-type-variable","14":"has-default-attributes"},"acf":[],"_links":{"self":[{"href":"https:\/\/www.ehthele.com\/de\/wp-json\/wp\/v2\/product\/63247","targetHints":{"allow":["GET"]}}],"collection":[{"href":"https:\/\/www.ehthele.com\/de\/wp-json\/wp\/v2\/product"}],"about":[{"href":"https:\/\/www.ehthele.com\/de\/wp-json\/wp\/v2\/types\/product"}],"wp:featuredmedia":[{"embeddable":true,"href":"https:\/\/www.ehthele.com\/de\/wp-json\/wp\/v2\/media\/23652"}],"wp:attachment":[{"href":"https:\/\/www.ehthele.com\/de\/wp-json\/wp\/v2\/media?parent=63247"}],"wp:term":[{"taxonomy":"product_cat","embeddable":true,"href":"https:\/\/www.ehthele.com\/de\/wp-json\/wp\/v2\/product_cat?post=63247"},{"taxonomy":"product_tag","embeddable":true,"href":"https:\/\/www.ehthele.com\/de\/wp-json\/wp\/v2\/product_tag?post=63247"}],"curies":[{"name":"wp","href":"https:\/\/api.w.org\/{rel}","templated":true}]}}