{"id":63371,"date":"2023-09-29T08:38:51","date_gmt":"2023-09-29T08:38:51","guid":{"rendered":"https:\/\/www.ehthele.com\/terms-of-use\/"},"modified":"2023-10-05T07:15:51","modified_gmt":"2023-10-05T07:15:51","slug":"nutzungsbedingungen","status":"publish","type":"page","link":"https:\/\/www.ehthele.com\/de\/nutzungsbedingungen\/","title":{"rendered":"Nutzungsbedingungen"},"content":{"rendered":"\t\t<div data-elementor-type=\"wp-page\" data-elementor-id=\"63371\" class=\"elementor elementor-63371 elementor-62832\" data-elementor-post-type=\"page\">\n\t\t\t\t\t\t<section class=\"elementor-section elementor-top-section elementor-element elementor-element-f72efe0 elementor-section-boxed elementor-section-height-default elementor-section-height-default\" data-id=\"f72efe0\" data-element_type=\"section\">\r\n\t\t\t\t\t\t<div class=\"elementor-container elementor-column-gap-default jws_section_\" >\r\n\t\t\t\t<div class=\"elementor-column elementor-col-100 elementor-top-column elementor-element elementor-element-4fcb2c6\" data-id=\"4fcb2c6\" data-element_type=\"column\">\n\t\t\t<div class=\"elementor-widget-wrap elementor-element-populated\">\n\t\t\t\t\t\t<div class=\"elementor-element elementor-element-fc899a9 elementor-widget elementor-widget-text-editor\" data-id=\"fc899a9\" data-element_type=\"widget\" data-widget_type=\"text-editor.default\">\n\t\t\t\t<div class=\"elementor-widget-container\">\n\t\t\t<style>\/*! elementor - v3.21.0 - 26-05-2024 *\/\n.elementor-widget-text-editor.elementor-drop-cap-view-stacked .elementor-drop-cap{background-color:#69727d;color:#fff}.elementor-widget-text-editor.elementor-drop-cap-view-framed .elementor-drop-cap{color:#69727d;border:3px solid;background-color:transparent}.elementor-widget-text-editor:not(.elementor-drop-cap-view-default) .elementor-drop-cap{margin-top:8px}.elementor-widget-text-editor:not(.elementor-drop-cap-view-default) .elementor-drop-cap-letter{width:1em;height:1em}.elementor-widget-text-editor .elementor-drop-cap{float:left;text-align:center;line-height:1;font-size:50px}.elementor-widget-text-editor .elementor-drop-cap-letter{display:inline-block}<\/style>\t\t\t\t<h4><b>NUTZUNGSBEDINGUNGEN<\/b><\/h4><h6><b>1. Einleitung.<\/b><\/h6><p><span style=\"font-weight: 400;\">Dieses Dokument beschreibt die Bedingungen f\u00fcr die Nutzung von <a href=\"https:\/\/www.ehthele.com\">www.ehthele.com<\/a> (Website) durch den Nutzer. Um die Website nutzen zu k\u00f6nnen, m\u00fcssen Sie diese Bedingungen sorgf\u00e4ltig lesen, ihnen zustimmen und sie durch Anklicken der Schaltfl\u00e4che &#8222;Akzeptieren&#8220; akzeptieren. Wenn Sie diese Vereinbarung nicht akzeptieren, k\u00f6nnen Sie den Dienst nicht nutzen. Durch die Nutzung dieser Website erkl\u00e4ren Sie sich mit diesen Nutzungsbedingungen einverstanden.<\/span><\/p><h6><b>2. Anmeldung<\/b><\/h6><p><span style=\"font-weight: 400;\">F\u00fcr die Nutzung einiger Funktionen der Website kann die Registrierung des Nutzers im System erforderlich sein. Zu diesen Zwecken finden Sie weitere Informationen in der Datenschutzrichtlinie.<\/span><\/p><h6><b>3. Links.<\/b><\/h6><p><span style=\"font-weight: 400;\">Unsere Website kann Links zu Websites Dritter enthalten, die von unserem Unternehmen oder anderen verbundenen Unternehmen betrieben werden k\u00f6nnen oder auch nicht. Ehthele ist nicht verantwortlich f\u00fcr diese Websites, die nicht unter seiner Kontrolle stehen, und gibt keine Zusicherungen oder Garantien hinsichtlich der Genauigkeit oder des Wahrheitsgehalts der Informationen, die auf solchen Websites Dritter enthalten sind. Ehthele haftet nicht f\u00fcr Sch\u00e4den oder Verluste, die Nutzern entstehen, die externe Links zu dieser Website nutzen.<\/span><\/p><h6><b>4. Markenzeichen.<\/b><\/h6><p><span style=\"font-weight: 400;\">Alle auf der Website dargestellten Warenzeichen und Logos sind Eigentum von Ehthele Limited und d\u00fcrfen nicht ohne vorherige Genehmigung des Unternehmens verwendet werden. Nichts auf dieser Website ist so auszulegen, dass damit eine Lizenz zur Nutzung oder anderweitigen Verwertung von Warenzeichen, Namen oder Logos von Ehthele oder von Warenzeichen, Namen oder Logos Dritter, die auf dieser Website angezeigt werden, erteilt wird. Ehthele beh\u00e4lt sich alle nicht ausdr\u00fccklich gew\u00e4hrten Rechte an der Website und ihrem Inhalt vor.<\/span><\/p><h6><b>5. Vollst\u00e4ndige Vereinbarung und Zul\u00e4ssigkeit.<\/b><\/h6><p><span style=\"font-weight: 400;\">Die Nutzungsbedingungen und alle anderen Bedingungen der Website stellen die gesamte Vereinbarung und Abmachung zwischen Ehthele und dem Nutzer dar und ersetzen alle fr\u00fcheren Mitteilungen und Vorschl\u00e4ge zwischen den Parteien.<\/span><\/p><h6><b>6. Kontaktieren Sie uns.<\/b><\/h6><p><span style=\"font-weight: 400;\">Im Falle von Kommentaren oder Beschwerden k\u00f6nnen Sie unser Team unter contact@ehthele.com kontaktieren.<\/span><\/p><h6><b>7. Trennbarkeit.<\/b><\/h6><p><span style=\"font-weight: 400;\">Sollte sich ein Teil der Bedingungen als ungesetzlich, nichtig oder nicht durchsetzbar erweisen, bleiben die \u00fcbrigen Bestimmungen der Vereinbarung vollst\u00e4ndig g\u00fcltig, verbindlich und durchsetzbar.<\/span><\/p><h6><b>8. Zust\u00e4ndigkeit und anwendbares Recht.<\/b><\/h6><p><span style=\"font-weight: 400;\">Die englischen Gerichte haben die ausschlie\u00dfliche Zust\u00e4ndigkeit f\u00fcr alle Anspr\u00fcche, die sich aus diesen Bedingungen und einem Besuch auf unserer Website ergeben oder damit in Zusammenhang stehen, obwohl wir uns das Recht vorbehalten, Sie wegen eines Versto\u00dfes gegen diese Bedingungen in Ihrem Wohnsitzland oder einem anderen relevanten Land zu belangen.<\/span><\/p><p><span style=\"font-weight: 400;\">Diese Bedingungen und alle Streitigkeiten oder Anspr\u00fcche, die sich aus ihnen oder in Verbindung mit ihnen oder ihrem Gegenstand oder ihrer Entstehung ergeben (einschlie\u00dflich au\u00dfervertraglicher Streitigkeiten oder Anspr\u00fcche), unterliegen dem Recht von England und Wales und werden nach diesem ausgelegt.<\/span><\/p><h6><b>9. Die Aktivit\u00e4t des Benutzers.<\/b><\/h6><p><span style=\"font-weight: 400;\">Jeder Nutzer ist pers\u00f6nlich verantwortlich f\u00fcr die Nutzung der Website und f\u00fcr alle seine Kommunikation und Aktivit\u00e4ten auf und im Zusammenhang mit dieser Website. Wenn Ehthele feststellt, dass der Nutzer in verbotene Aktivit\u00e4ten verwickelt ist oder war, nicht respektvoll gegen\u00fcber anderen Nutzern war oder anderweitig gegen diese Bedingungen versto\u00dfen hat, k\u00f6nnen wir Ihnen den Zugang zu dieser Website vor\u00fcbergehend oder dauerhaft verweigern.<\/span><\/p>\t\t\t\t\t\t<\/div>\n\t\t\t\t<\/div>\n\t\t\t\t\t<\/div>\n\t\t<\/div>\n\t\t\t\t      \r\n            \r\n              \r\n            \r\n            \t\r\n\t\t\t<\/div>\r\n\t\t<\/section>\r\n\t\t\t\t<\/div>\n\t\t","protected":false},"excerpt":{"rendered":"<p>NUTZUNGSBEDINGUNGEN 1. Einleitung. Dieses Dokument beschreibt die Bedingungen f\u00fcr die Nutzung von www.ehthele.com (Website) durch den Nutzer. Um die Website nutzen zu k\u00f6nnen, m\u00fcssen Sie diese Bedingungen sorgf\u00e4ltig lesen, ihnen zustimmen und sie durch Anklicken der Schaltfl\u00e4che &#8222;Akzeptieren&#8220; akzeptieren. Wenn Sie diese Vereinbarung nicht akzeptieren, k\u00f6nnen Sie den Dienst nicht nutzen. Durch die Nutzung dieser [&hellip;]<\/p>\n","protected":false},"author":1,"featured_media":0,"parent":0,"menu_order":0,"comment_status":"closed","ping_status":"closed","template":"","meta":{"footnotes":""},"class_list":["post-63371","page","type-page","status-publish","hentry"],"acf":[],"_links":{"self":[{"href":"https:\/\/www.ehthele.com\/de\/wp-json\/wp\/v2\/pages\/63371","targetHints":{"allow":["GET"]}}],"collection":[{"href":"https:\/\/www.ehthele.com\/de\/wp-json\/wp\/v2\/pages"}],"about":[{"href":"https:\/\/www.ehthele.com\/de\/wp-json\/wp\/v2\/types\/page"}],"author":[{"embeddable":true,"href":"https:\/\/www.ehthele.com\/de\/wp-json\/wp\/v2\/users\/1"}],"replies":[{"embeddable":true,"href":"https:\/\/www.ehthele.com\/de\/wp-json\/wp\/v2\/comments?post=63371"}],"version-history":[{"count":7,"href":"https:\/\/www.ehthele.com\/de\/wp-json\/wp\/v2\/pages\/63371\/revisions"}],"predecessor-version":[{"id":63383,"href":"https:\/\/www.ehthele.com\/de\/wp-json\/wp\/v2\/pages\/63371\/revisions\/63383"}],"wp:attachment":[{"href":"https:\/\/www.ehthele.com\/de\/wp-json\/wp\/v2\/media?parent=63371"}],"curies":[{"name":"wp","href":"https:\/\/api.w.org\/{rel}","templated":true}]}}