{"id":63723,"date":"2023-06-26T11:13:26","date_gmt":"2023-06-26T11:13:26","guid":{"rendered":"https:\/\/www.ehthele.com\/essential-pave-pendant\/"},"modified":"2023-06-26T11:13:26","modified_gmt":"2023-06-26T11:13:26","slug":"essential-pave-pendant","status":"publish","type":"product","link":"https:\/\/www.ehthele.com\/de-ch\/essential-pave-pendant\/","title":{"rendered":"Essential Pav\u00e9 Pendant"},"content":{"rendered":"<p>Tauchen Sie ein in die bezaubernde Welt des Pav\u00e9-Schmucks mit dem Essential Pav\u00e9 Pendant aus unserer Kollektion Essential. Der aus 18 Karat Wei\u00dfgold gefertigte Anh\u00e4nger ist mit 19 Diamanten im Brillantschliff von insgesamt 0,175 Karat besetzt, die kunstvoll im Pav\u00e9-Stil gefasst sind. Die filigrane Anordnung der kleinen Edelsteine schafft eine faszinierende Oberfl\u00e4che, die ohne Metall auszukommen scheint und so eine exquisite Darstellung von Brillanz und Handwerkskunst darstellt. Pav\u00e9-Schmuck erfreut sich aufgrund seiner einzigartigen Fassung, die die Illusion einer durchgehenden Diamantfl\u00e4che vermittelt, zunehmender Beliebtheit. Die Brillanz der Diamanten leuchtet bei jeder Bewegung und zieht die Blicke aus jedem Winkel auf sich.    <\/p>\n","protected":false},"excerpt":{"rendered":"<p><span style=\"font-weight: 400;\">Referenz: Essential Pav\u00e9 Pendant Diamant-Halskette f\u00fcr Damen und Herren EH-N007WG<\/span><\/p>\n<p><span style=\"font-weight: 400;\">Kollektion: Essential<\/span><\/p>\n<p><span style=\"font-weight: 400;\">Schmuckart: Halskette<\/span><\/p>\n<p><span style=\"font-weight: 400;\">Metall: Wei\u00dfgold<\/span><\/p>\n<p><span style=\"font-weight: 400;\">Steine: Diamant<\/span><\/p>\n<p><span style=\"font-weight: 400;\">Gesamtdiamantgewicht: 0,175 Karat <\/span><\/p>\n<p><span style=\"font-weight: 400;\">Kategorie: Halskette f\u00fcr Frauen und M\u00e4nner<\/span><\/p>\n<p>&nbsp;<\/p>\n<p><span style=\"font-weight: 400;\">Alle St\u00fccke der Ehthele Jewelry Kollektion sind einzigartig. Das Gewicht, die Gr\u00f6\u00dfe und das Karatgewicht jedes St\u00fccks k\u00f6nnen von einem zum anderen leicht variieren.<\/span><\/p>\n","protected":false},"featured_media":23674,"template":"","meta":[],"product_cat":[439],"product_tag":[532],"class_list":{"0":"post-63723","1":"product","2":"type-product","3":"status-publish","4":"has-post-thumbnail","6":"product_cat-halsketten","7":"product_tag-essential-diamant-kollektion-de-ch","9":"first","10":"instock","11":"shipping-taxable","12":"purchasable","13":"product-type-simple"},"acf":[],"_links":{"self":[{"href":"https:\/\/www.ehthele.com\/de-ch\/wp-json\/wp\/v2\/product\/63723","targetHints":{"allow":["GET"]}}],"collection":[{"href":"https:\/\/www.ehthele.com\/de-ch\/wp-json\/wp\/v2\/product"}],"about":[{"href":"https:\/\/www.ehthele.com\/de-ch\/wp-json\/wp\/v2\/types\/product"}],"wp:featuredmedia":[{"embeddable":true,"href":"https:\/\/www.ehthele.com\/de-ch\/wp-json\/wp\/v2\/media\/23674"}],"wp:attachment":[{"href":"https:\/\/www.ehthele.com\/de-ch\/wp-json\/wp\/v2\/media?parent=63723"}],"wp:term":[{"taxonomy":"product_cat","embeddable":true,"href":"https:\/\/www.ehthele.com\/de-ch\/wp-json\/wp\/v2\/product_cat?post=63723"},{"taxonomy":"product_tag","embeddable":true,"href":"https:\/\/www.ehthele.com\/de-ch\/wp-json\/wp\/v2\/product_tag?post=63723"}],"curies":[{"name":"wp","href":"https:\/\/api.w.org\/{rel}","templated":true}]}}