{"id":63719,"date":"2023-06-26T11:19:59","date_gmt":"2023-06-26T11:19:59","guid":{"rendered":"https:\/\/www.ehthele.com\/essential-stud-pendant\/"},"modified":"2023-10-05T11:20:06","modified_gmt":"2023-10-05T11:20:06","slug":"essential-stud-pendant","status":"publish","type":"product","link":"https:\/\/www.ehthele.com\/de-ch\/essential-stud-pendant\/","title":{"rendered":"Essential Stud Pendant"},"content":{"rendered":"<p>Mit dem Essential Stud Pendant aus der Essential-Kollektion feiern Sie die sch\u00f6nsten Momente im Leben. Der aus 18 Karat Wei\u00dfgold gefertigte und mit einem Brillanten besetzte Anh\u00e4nger ist ein wahres Symbol f\u00fcr Raffinesse. Wenn Sie den Essential Stud Pendant tragen, wird er zu mehr als nur einer luxuri\u00f6sen Halskette f\u00fcr Damen und Herren; er wird zu einem gesch\u00e4tzten Accessoire, einem zeitlosen Geschenk oder zu einem Genuss f\u00fcr Sie selbst. Lassen Sie diesen Anh\u00e4nger eine st\u00e4ndige Erinnerung an die raffinierte Sch\u00f6nheit und Freude sein, die jeden Meilenstein im Leben begleitet.   <\/p>\n","protected":false},"excerpt":{"rendered":"<p><span style=\"font-weight: 400;\">Referenz: Essential Stud Pendant Diamant-Halskette f\u00fcr Damen und Herren EH-N008-100WG<\/span><\/p>\n<p><span style=\"font-weight: 400;\">Kollektion: Essential<\/span><\/p>\n<p><span style=\"font-weight: 400;\">Schmuckart: Halskette<\/span><\/p>\n<p><span style=\"font-weight: 400;\">Metall: Wei\u00dfgold<\/span><\/p>\n<p><span style=\"font-weight: 400;\">Steine: Diamant<\/span><\/p>\n<p><span style=\"font-weight: 400;\">Gesamtdiamantgewicht: Von 1,08 Karat bis 1,53 Karat<\/span><\/p>\n<p><span style=\"font-weight: 400;\">Kategorie: Halskette f\u00fcr Frauen und M\u00e4nner<\/span><\/p>\n<p>&nbsp;<\/p>\n<p><span style=\"font-weight: 400;\">Alle St\u00fccke der Ehthele Jewelry Kollektion sind einzigartig. Das Gewicht, die Gr\u00f6\u00dfe und das Karatgewicht jedes St\u00fccks k\u00f6nnen von einem zum anderen leicht variieren.<\/span><\/p>\n","protected":false},"featured_media":23646,"template":"","meta":[],"product_cat":[439],"product_tag":[532],"class_list":{"0":"post-63719","1":"product","2":"type-product","3":"status-publish","4":"has-post-thumbnail","6":"product_cat-halsketten","7":"product_tag-essential-diamant-kollektion-de-ch","9":"first","10":"instock","11":"shipping-taxable","12":"purchasable","13":"product-type-variable","14":"has-default-attributes"},"acf":[],"_links":{"self":[{"href":"https:\/\/www.ehthele.com\/de-ch\/wp-json\/wp\/v2\/product\/63719","targetHints":{"allow":["GET"]}}],"collection":[{"href":"https:\/\/www.ehthele.com\/de-ch\/wp-json\/wp\/v2\/product"}],"about":[{"href":"https:\/\/www.ehthele.com\/de-ch\/wp-json\/wp\/v2\/types\/product"}],"wp:featuredmedia":[{"embeddable":true,"href":"https:\/\/www.ehthele.com\/de-ch\/wp-json\/wp\/v2\/media\/23646"}],"wp:attachment":[{"href":"https:\/\/www.ehthele.com\/de-ch\/wp-json\/wp\/v2\/media?parent=63719"}],"wp:term":[{"taxonomy":"product_cat","embeddable":true,"href":"https:\/\/www.ehthele.com\/de-ch\/wp-json\/wp\/v2\/product_cat?post=63719"},{"taxonomy":"product_tag","embeddable":true,"href":"https:\/\/www.ehthele.com\/de-ch\/wp-json\/wp\/v2\/product_tag?post=63719"}],"curies":[{"name":"wp","href":"https:\/\/api.w.org\/{rel}","templated":true}]}}