{"id":63715,"date":"2023-06-26T09:26:17","date_gmt":"2023-06-26T09:26:17","guid":{"rendered":"https:\/\/www.ehthele.com\/elixir-bracelet\/"},"modified":"2023-10-05T11:14:56","modified_gmt":"2023-10-05T11:14:56","slug":"elixir-bracelet","status":"publish","type":"product","link":"https:\/\/www.ehthele.com\/de-ch\/elixir-bracelet\/","title":{"rendered":"Elixir Bracelet"},"content":{"rendered":"<p>Elixir Bracelet, ein strahlendes Halo funkelnder Diamanten umarmt anmutig Ihr Handgelenk und strahlt zeitlose Eleganz aus, eine verf\u00fchrerische Vertiefung in die Elixir-Kollektion, gefertigt aus 18K Gelbgold und geschm\u00fcckt mit 21 Brillanten, die insgesamt 0,25 Karat wiegen. Tragen Sie dieses exquisite Armband allein, um ein Statement zu setzen, oder kombinieren Sie es mit dem passenden Elixir Anh\u00e4nger f\u00fcr eine atemberaubende Kombination. Vielseitig und bezaubernd, wird das Elixir Bracelet sicherlich zu Ihrem bevorzugten Luxusst\u00fcck, das all Ihren Alltagsanl\u00e4ssen einen Hauch von Glamour verleiht.<\/p>\n","protected":false},"excerpt":{"rendered":"<p><span style=\"font-weight: 400;\">Referenz: Elixir Bracelet Diamantarmband f\u00fcr Frauen und M\u00e4nner EH-B006YG<\/span><\/p>\n<p><span style=\"font-weight: 400;\">Kollektion: Elixir<\/span><\/p>\n<p><span style=\"font-weight: 400;\">Schmuckart: Armband<\/span><\/p>\n<p><span style=\"font-weight: 400;\">Metall: Gelbgold<\/span><\/p>\n<p><span style=\"font-weight: 400;\">Steine: Diamant<\/span><\/p>\n<p><span style=\"font-weight: 400;\">Gesamtdiamantgewicht: 0,25 Karat <\/span><\/p>\n<p><span style=\"font-weight: 400;\">Kategorie: Armb\u00e4nder f\u00fcr Frauen und M\u00e4nner<\/span><\/p>\n<p>&nbsp;<\/p>\n<p><span style=\"font-weight: 400;\">Alle St\u00fccke der Ehthele Jewelry Kollektion sind einzigartig. Das Gewicht, die Gr\u00f6\u00dfe und das Karatgewicht jedes St\u00fccks k\u00f6nnen von einem zum anderen leicht variieren.<\/span><\/p>\n","protected":false},"featured_media":23443,"template":"","meta":[],"product_cat":[440],"product_tag":[526],"class_list":{"0":"post-63715","1":"product","2":"type-product","3":"status-publish","4":"has-post-thumbnail","6":"product_cat-armbander","7":"product_tag-elixir-diamant-kollektion-de-ch","9":"first","10":"instock","11":"shipping-taxable","12":"purchasable","13":"product-type-simple"},"acf":[],"_links":{"self":[{"href":"https:\/\/www.ehthele.com\/de-ch\/wp-json\/wp\/v2\/product\/63715","targetHints":{"allow":["GET"]}}],"collection":[{"href":"https:\/\/www.ehthele.com\/de-ch\/wp-json\/wp\/v2\/product"}],"about":[{"href":"https:\/\/www.ehthele.com\/de-ch\/wp-json\/wp\/v2\/types\/product"}],"wp:featuredmedia":[{"embeddable":true,"href":"https:\/\/www.ehthele.com\/de-ch\/wp-json\/wp\/v2\/media\/23443"}],"wp:attachment":[{"href":"https:\/\/www.ehthele.com\/de-ch\/wp-json\/wp\/v2\/media?parent=63715"}],"wp:term":[{"taxonomy":"product_cat","embeddable":true,"href":"https:\/\/www.ehthele.com\/de-ch\/wp-json\/wp\/v2\/product_cat?post=63715"},{"taxonomy":"product_tag","embeddable":true,"href":"https:\/\/www.ehthele.com\/de-ch\/wp-json\/wp\/v2\/product_tag?post=63715"}],"curies":[{"name":"wp","href":"https:\/\/api.w.org\/{rel}","templated":true}]}}