{"id":63330,"date":"2023-06-26T10:23:44","date_gmt":"2023-06-26T10:23:44","guid":{"rendered":"https:\/\/www.ehthele.com\/icon-bracelet\/"},"modified":"2023-10-04T17:55:29","modified_gmt":"2023-10-04T17:55:29","slug":"icon-bracelet","status":"publish","type":"product","link":"https:\/\/www.ehthele.com\/de-ch\/icon-bracelet\/","title":{"rendered":"Icon Bracelet"},"content":{"rendered":"<p>Ein Symbol verfeinerter Eleganz, das Icon Bracelet aus der Icon-Kollektion verk\u00f6rpert das Erbe von Ehthele an herausragender Handwerkskunst. Jeder der 36 Brillanten, die insgesamt 0,33 Karat wiegen, wird sorgf\u00e4ltig gefasst, um ein faszinierendes Lichtspiel von diesem schlanken Armband zu erzeugen, das Ihr Handgelenk elegant schm\u00fcckt und jedem Ensemble einen sch\u00f6nen Hauch von Raffinesse verleiht. Ein bezauberndes Funkeln, das Icon Bracelet ist ein Statement-Accessoire f\u00fcr jeden Anlass.<\/p>\n","protected":false},"excerpt":{"rendered":"<p><span style=\"font-weight: 400;\">Referenz: Icon Bracelet Diamantarmband f\u00fcr Frauen und M\u00e4nner EH-B001YG<\/span><\/p>\n<p><span style=\"font-weight: 400;\">Kollektion: Icon<\/span><\/p>\n<p><span style=\"font-weight: 400;\">Schmuckart: Armband<\/span><\/p>\n<p><span style=\"font-weight: 400;\">Metall: Gelbgold<\/span><\/p>\n<p><span style=\"font-weight: 400;\">Steine: Diamant<\/span><\/p>\n<p><span style=\"font-weight: 400;\">Gesamtdiamantgewicht: 0,33 Karat<\/span><\/p>\n<p><span style=\"font-weight: 400;\">Kategorie: Armb\u00e4nder f\u00fcr Frauen und M\u00e4nner<\/span><\/p>\n<p>&nbsp;<\/p>\n<p><span style=\"font-weight: 400;\">Alle St\u00fccke der Ehthele Jewelry Kollektion sind einzigartig. Das Gewicht, die Gr\u00f6\u00dfe und das Karatgewicht jedes St\u00fccks k\u00f6nnen von einem zum anderen leicht variieren.<\/span><\/p>\n","protected":false},"featured_media":23352,"template":"","meta":[],"product_cat":[440],"product_tag":[536],"class_list":{"0":"post-63330","1":"product","2":"type-product","3":"status-publish","4":"has-post-thumbnail","6":"product_cat-armbander","7":"product_tag-icon-diamond-kollektion-de-ch","9":"first","10":"instock","11":"shipping-taxable","12":"purchasable","13":"product-type-simple"},"acf":[],"_links":{"self":[{"href":"https:\/\/www.ehthele.com\/de-ch\/wp-json\/wp\/v2\/product\/63330","targetHints":{"allow":["GET"]}}],"collection":[{"href":"https:\/\/www.ehthele.com\/de-ch\/wp-json\/wp\/v2\/product"}],"about":[{"href":"https:\/\/www.ehthele.com\/de-ch\/wp-json\/wp\/v2\/types\/product"}],"wp:featuredmedia":[{"embeddable":true,"href":"https:\/\/www.ehthele.com\/de-ch\/wp-json\/wp\/v2\/media\/23352"}],"wp:attachment":[{"href":"https:\/\/www.ehthele.com\/de-ch\/wp-json\/wp\/v2\/media?parent=63330"}],"wp:term":[{"taxonomy":"product_cat","embeddable":true,"href":"https:\/\/www.ehthele.com\/de-ch\/wp-json\/wp\/v2\/product_cat?post=63330"},{"taxonomy":"product_tag","embeddable":true,"href":"https:\/\/www.ehthele.com\/de-ch\/wp-json\/wp\/v2\/product_tag?post=63330"}],"curies":[{"name":"wp","href":"https:\/\/api.w.org\/{rel}","templated":true}]}}