{"id":63326,"date":"2023-06-26T10:20:07","date_gmt":"2023-06-26T10:20:07","guid":{"rendered":"https:\/\/www.ehthele.com\/icon-cuff-bracelet\/"},"modified":"2023-10-04T17:53:53","modified_gmt":"2023-10-04T17:53:53","slug":"icon-cuff-bracelet","status":"publish","type":"product","link":"https:\/\/www.ehthele.com\/de-ch\/icon-cuff-bracelet\/","title":{"rendered":"Icon Cuff Bracelet"},"content":{"rendered":"<p>Jede Facette dieses exquisiten St\u00fccks strahlt Raffinesse aus, von seinem schlanken Design bis zur strahlenden Anordnung Brillanten. Die gelbgoldene Icon Cuff Bracelet ist eine Feier der zeitlosen Sch\u00f6nheit, und w\u00e4hrend Sie Ihr Handgelenk mit diesem Meisterwerk schm\u00fccken, werden Sie ein Gef\u00fchl der St\u00e4rkung versp\u00fcren, im Wissen, dass Sie ein Schmuckst\u00fcck besitzen, das Brillanz ausstrahlt und jeden Look aufwertet.<\/p>\n","protected":false},"excerpt":{"rendered":"<p><span style=\"font-weight: 400;\">Referenz: Icon Cuff Bracelet Diamantarmband f\u00fcr Frauen und M\u00e4nner EH-B003YG<\/span><\/p>\n<p><span style=\"font-weight: 400;\">Kollektion: Icon<\/span><\/p>\n<p><span style=\"font-weight: 400;\">Schmuckart: Armband<\/span><\/p>\n<p><span style=\"font-weight: 400;\">Metall: Gelbgold<\/span><\/p>\n<p><span style=\"font-weight: 400;\">Steine: Diamant<\/span><\/p>\n<p><span style=\"font-weight: 400;\">Gesamtdiamantgewicht: Von 1,66 Karat bis 1,91 Karat<\/span><\/p>\n<p><span style=\"font-weight: 400;\">Kategorie: Armb\u00e4nder f\u00fcr Frauen und M\u00e4nner<\/span><\/p>\n<p>&nbsp;<\/p>\n<p><span style=\"font-weight: 400;\">Alle St\u00fccke der Ehthele Jewelry Kollektion sind einzigartig. Das Gewicht, die Gr\u00f6\u00dfe und das Karatgewicht jedes St\u00fccks k\u00f6nnen von einem zum anderen leicht variieren.<\/span><\/p>\n","protected":false},"featured_media":23331,"template":"","meta":[],"product_cat":[440],"product_tag":[536],"class_list":{"0":"post-63326","1":"product","2":"type-product","3":"status-publish","4":"has-post-thumbnail","6":"product_cat-armbander","7":"product_tag-icon-diamond-kollektion-de-ch","9":"first","10":"instock","11":"shipping-taxable","12":"purchasable","13":"product-type-variable","14":"has-default-attributes"},"acf":[],"_links":{"self":[{"href":"https:\/\/www.ehthele.com\/de-ch\/wp-json\/wp\/v2\/product\/63326","targetHints":{"allow":["GET"]}}],"collection":[{"href":"https:\/\/www.ehthele.com\/de-ch\/wp-json\/wp\/v2\/product"}],"about":[{"href":"https:\/\/www.ehthele.com\/de-ch\/wp-json\/wp\/v2\/types\/product"}],"wp:featuredmedia":[{"embeddable":true,"href":"https:\/\/www.ehthele.com\/de-ch\/wp-json\/wp\/v2\/media\/23331"}],"wp:attachment":[{"href":"https:\/\/www.ehthele.com\/de-ch\/wp-json\/wp\/v2\/media?parent=63326"}],"wp:term":[{"taxonomy":"product_cat","embeddable":true,"href":"https:\/\/www.ehthele.com\/de-ch\/wp-json\/wp\/v2\/product_cat?post=63326"},{"taxonomy":"product_tag","embeddable":true,"href":"https:\/\/www.ehthele.com\/de-ch\/wp-json\/wp\/v2\/product_tag?post=63326"}],"curies":[{"name":"wp","href":"https:\/\/api.w.org\/{rel}","templated":true}]}}