{"id":63299,"date":"2023-06-26T09:55:21","date_gmt":"2023-06-26T09:55:21","guid":{"rendered":"https:\/\/www.ehthele.com\/icon-ring\/"},"modified":"2023-10-04T17:37:16","modified_gmt":"2023-10-04T17:37:16","slug":"icon-ring","status":"publish","type":"product","link":"https:\/\/www.ehthele.com\/de-ch\/icon-ring\/","title":{"rendered":"Icon Ring"},"content":{"rendered":"<p>Icon Ring, oder anders ausgedr\u00fcckt, wo scharfe Linien sich treffen und nahtlos verschmelzen. Gefertigt in 18k Gelbgold, ist dieser exquisite Ring verziert mit 34 brillantgeschliffenen Diamanten, insgesamt 0,313 Karat. Die scharfen Linien des Designs erzeugen ein Gef\u00fchl von dynamischer Energie, w\u00e4hrend die sanfte Fusion der im Labor gewachsenen Diamanten eine Note von Eleganz und Raffinesse hinzuf\u00fcgt. Das Gelbgold, ein Symbol f\u00fcr Wertvollheit, betont die Sch\u00f6nheit der Diamanten und verleiht ihnen einen warmen und strahlenden Glanz. Umarmen Sie Stil und Eleganz, f\u00fchlen Sie diese au\u00dfergew\u00f6hnliche Kreation.<\/p>\n","protected":false},"excerpt":{"rendered":"<p><span style=\"font-weight: 400;\">Referenz: Icon Ring Diamantring f\u00fcr Frauen und M\u00e4nner EH-R003YG<\/span><\/p>\n<p><span style=\"font-weight: 400;\">Kollektion: Icon <\/span><\/p>\n<p><span style=\"font-weight: 400;\">Schmucktyp: Ringe<\/span><\/p>\n<p><span style=\"font-weight: 400;\">Metall: Gelbgold<\/span><\/p>\n<p><span style=\"font-weight: 400;\">Steine: Diamant<\/span><\/p>\n<p><span style=\"font-weight: 400;\">Gesamtdiamantgewicht: 0,313 Karat <\/span><\/p>\n<p><span style=\"font-weight: 400;\">Kategorie: Ring f\u00fcr Damen und Herren <\/span><\/p>\n<p>&nbsp;<\/p>\n<p><span style=\"font-weight: 400;\">Alle St\u00fccke der Ehthele Jewelry Kollektion sind einzigartig. Das Gewicht, die Gr\u00f6\u00dfe und das Karatgewicht jedes St\u00fccks k\u00f6nnen von einem zum anderen leicht variieren.<\/span><\/p>\n","protected":false},"featured_media":23387,"template":"","meta":[],"product_cat":[438],"product_tag":[536],"class_list":{"0":"post-63299","1":"product","2":"type-product","3":"status-publish","4":"has-post-thumbnail","6":"product_cat-ringe","7":"product_tag-icon-diamond-kollektion-de-ch","9":"first","10":"instock","11":"shipping-taxable","12":"purchasable","13":"product-type-variable","14":"has-default-attributes"},"acf":[],"_links":{"self":[{"href":"https:\/\/www.ehthele.com\/de-ch\/wp-json\/wp\/v2\/product\/63299","targetHints":{"allow":["GET"]}}],"collection":[{"href":"https:\/\/www.ehthele.com\/de-ch\/wp-json\/wp\/v2\/product"}],"about":[{"href":"https:\/\/www.ehthele.com\/de-ch\/wp-json\/wp\/v2\/types\/product"}],"wp:featuredmedia":[{"embeddable":true,"href":"https:\/\/www.ehthele.com\/de-ch\/wp-json\/wp\/v2\/media\/23387"}],"wp:attachment":[{"href":"https:\/\/www.ehthele.com\/de-ch\/wp-json\/wp\/v2\/media?parent=63299"}],"wp:term":[{"taxonomy":"product_cat","embeddable":true,"href":"https:\/\/www.ehthele.com\/de-ch\/wp-json\/wp\/v2\/product_cat?post=63299"},{"taxonomy":"product_tag","embeddable":true,"href":"https:\/\/www.ehthele.com\/de-ch\/wp-json\/wp\/v2\/product_tag?post=63299"}],"curies":[{"name":"wp","href":"https:\/\/api.w.org\/{rel}","templated":true}]}}