{"id":63275,"date":"2023-06-26T10:58:49","date_gmt":"2023-06-26T10:58:49","guid":{"rendered":"https:\/\/www.ehthele.com\/essential-engagement-ring\/"},"modified":"2023-10-04T17:24:21","modified_gmt":"2023-10-04T17:24:21","slug":"essential-engagement-ring","status":"publish","type":"product","link":"https:\/\/www.ehthele.com\/de-ch\/essential-engagement-ring\/","title":{"rendered":"Essential Engagement Ring"},"content":{"rendered":"<p><span style=\"font-weight: 400;\">Die zarte Sch\u00f6nheit dieses Verlobungsrings aus 18 K Wei\u00dfgold, besetzt mit einem einzigen brillantgeschliffenen Diamanten von 0,25 Karat, strahlt dezente Eleganz aus. Das schlanke Band betont den Glanz des im Labor gez\u00fcchteten Solit\u00e4rdiamanten und schafft einen fesselnden Fokus. Mit seinem zeitlosen Design und seiner exquisiten Handwerkskunst ist dieser schlanke Solit\u00e4rsverlobungsring das perfekte Symbol f\u00fcr Ihr ewiges Engagement.<\/span><\/p>\n","protected":false},"excerpt":{"rendered":"<p><span style=\"font-weight: 400;\">Referenz: Essential Engagement Ring Diamantring f\u00fcr Frauen und M\u00e4nner EH-R010-25WG<\/span><\/p>\n<p><span style=\"font-weight: 400;\">Kollektion: Essential <\/span><\/p>\n<p><span style=\"font-weight: 400;\">Schmucktyp: Ringe<\/span><\/p>\n<p><span style=\"font-weight: 400;\">Metall: Wei\u00dfgold<\/span><\/p>\n<p><span style=\"font-weight: 400;\">Steine: Diamant<\/span><\/p>\n<p><span style=\"font-weight: 400;\">Gesamtdiamantgewicht: 0,25 Karat <\/span><\/p>\n<p><span style=\"font-weight: 400;\">Kategorie: Ring f\u00fcr Damen und Herren <\/span><\/p>\n<p>&nbsp;<\/p>\n<p><span style=\"font-weight: 400;\">Alle St\u00fccke der Ehthele Jewelry Kollektion sind einzigartig. Das Gewicht, die Gr\u00f6\u00dfe und das Karatgewicht jedes St\u00fccks k\u00f6nnen von einem zum anderen leicht variieren.<\/span><\/p>\n","protected":false},"featured_media":23702,"template":"","meta":[],"product_cat":[438],"product_tag":[532],"class_list":{"0":"post-63275","1":"product","2":"type-product","3":"status-publish","4":"has-post-thumbnail","6":"product_cat-ringe","7":"product_tag-essential-diamant-kollektion-de-ch","9":"first","10":"instock","11":"shipping-taxable","12":"purchasable","13":"product-type-variable","14":"has-default-attributes"},"acf":[],"_links":{"self":[{"href":"https:\/\/www.ehthele.com\/de-ch\/wp-json\/wp\/v2\/product\/63275","targetHints":{"allow":["GET"]}}],"collection":[{"href":"https:\/\/www.ehthele.com\/de-ch\/wp-json\/wp\/v2\/product"}],"about":[{"href":"https:\/\/www.ehthele.com\/de-ch\/wp-json\/wp\/v2\/types\/product"}],"wp:featuredmedia":[{"embeddable":true,"href":"https:\/\/www.ehthele.com\/de-ch\/wp-json\/wp\/v2\/media\/23702"}],"wp:attachment":[{"href":"https:\/\/www.ehthele.com\/de-ch\/wp-json\/wp\/v2\/media?parent=63275"}],"wp:term":[{"taxonomy":"product_cat","embeddable":true,"href":"https:\/\/www.ehthele.com\/de-ch\/wp-json\/wp\/v2\/product_cat?post=63275"},{"taxonomy":"product_tag","embeddable":true,"href":"https:\/\/www.ehthele.com\/de-ch\/wp-json\/wp\/v2\/product_tag?post=63275"}],"curies":[{"name":"wp","href":"https:\/\/api.w.org\/{rel}","templated":true}]}}