{"id":63267,"date":"2023-06-26T10:51:47","date_gmt":"2023-06-26T10:51:47","guid":{"rendered":"https:\/\/www.ehthele.com\/essential-classic-ring\/"},"modified":"2023-10-04T17:20:06","modified_gmt":"2023-10-04T17:20:06","slug":"essential-classic-ring","status":"publish","type":"product","link":"https:\/\/www.ehthele.com\/de-ch\/essential-classic-ring\/","title":{"rendered":"Essential Classic Ring"},"content":{"rendered":"<p><span style=\"font-weight: 400;\">Erlebe die zeitlose Eleganz des Essential Classic Ring. Gefertigt aus 18 K Wei\u00dfgold und besetzt mit 19 Brillantschliff-Diamanten, die zusammen 0,5 Karat wiegen, strahlt dieser Verlobungsring Raffinesse und Anmut aus. Der im Labor gez\u00fcchtete Solit\u00e4rdiamant steht im Mittelpunkt mit seiner faszinierenden Pracht. Die zarte Pav\u00e9-Fassung f\u00fcgt einen Hauch von Glanz hinzu und betont die allgemeine Sch\u00f6nheit dieses klassischen Solit\u00e4rrings. <\/span><\/p>\n","protected":false},"excerpt":{"rendered":"<p><span style=\"font-weight: 400;\">Referenz: Essential Classic Ring Diamantring f\u00fcr Frauen und M\u00e4nner EH-R009-30WG<\/span><\/p>\n<p><span style=\"font-weight: 400;\">Kollektion: Essential <\/span><\/p>\n<p><span style=\"font-weight: 400;\">Schmucktyp: Ringe<\/span><\/p>\n<p><span style=\"font-weight: 400;\">Metall: Wei\u00dfgold<\/span><\/p>\n<p><span style=\"font-weight: 400;\">Steine: Diamant<\/span><\/p>\n<p><span style=\"font-weight: 400;\">Gesamtdiamantgewicht: 0,5 Karat <\/span><\/p>\n<p><span style=\"font-weight: 400;\">Kategorie: Ring f\u00fcr Damen und Herren <\/span><\/p>\n<p>&nbsp;<\/p>\n<p><span style=\"font-weight: 400;\">Alle St\u00fccke der Ehthele Jewelry Kollektion sind einzigartig. Das Gewicht, die Gr\u00f6\u00dfe und das Karatgewicht jedes St\u00fccks k\u00f6nnen von einem zum anderen leicht variieren.<\/span><\/p>\n","protected":false},"featured_media":23625,"template":"","meta":[],"product_cat":[438],"product_tag":[532],"class_list":{"0":"post-63267","1":"product","2":"type-product","3":"status-publish","4":"has-post-thumbnail","6":"product_cat-ringe","7":"product_tag-essential-diamant-kollektion-de-ch","9":"first","10":"instock","11":"shipping-taxable","12":"purchasable","13":"product-type-variable","14":"has-default-attributes"},"acf":[],"_links":{"self":[{"href":"https:\/\/www.ehthele.com\/de-ch\/wp-json\/wp\/v2\/product\/63267","targetHints":{"allow":["GET"]}}],"collection":[{"href":"https:\/\/www.ehthele.com\/de-ch\/wp-json\/wp\/v2\/product"}],"about":[{"href":"https:\/\/www.ehthele.com\/de-ch\/wp-json\/wp\/v2\/types\/product"}],"wp:featuredmedia":[{"embeddable":true,"href":"https:\/\/www.ehthele.com\/de-ch\/wp-json\/wp\/v2\/media\/23625"}],"wp:attachment":[{"href":"https:\/\/www.ehthele.com\/de-ch\/wp-json\/wp\/v2\/media?parent=63267"}],"wp:term":[{"taxonomy":"product_cat","embeddable":true,"href":"https:\/\/www.ehthele.com\/de-ch\/wp-json\/wp\/v2\/product_cat?post=63267"},{"taxonomy":"product_tag","embeddable":true,"href":"https:\/\/www.ehthele.com\/de-ch\/wp-json\/wp\/v2\/product_tag?post=63267"}],"curies":[{"name":"wp","href":"https:\/\/api.w.org\/{rel}","templated":true}]}}