{"id":63259,"date":"2023-06-26T10:45:02","date_gmt":"2023-06-26T10:45:02","guid":{"rendered":"https:\/\/www.ehthele.com\/essential-trinity-ring\/"},"modified":"2023-10-04T17:15:57","modified_gmt":"2023-10-04T17:15:57","slug":"essential-trinity-ring","status":"publish","type":"product","link":"https:\/\/www.ehthele.com\/de-ch\/essential-trinity-ring\/","title":{"rendered":"Essential Trinity Ring"},"content":{"rendered":"<p><span style=\"font-weight: 400;\">Ein Set aus drei im Labor gez\u00fcchteten Diamanten, der Essential Trinity Ring verbindet eine zeitlose klassische Linie mit der modernen Note von Ehthele. Umh\u00fclle deinen Finger im strahlenden Licht von 3 Brillantschliff-Diamanten mit einem Gesamtgewicht von 0,98 Karat. Das Wei\u00dfgold, mit seinem sanften metallischen Glanz, betont das Design und hebt die Pracht der Steine hervor.<\/span><\/p>\n","protected":false},"excerpt":{"rendered":"<p><span style=\"font-weight: 400;\">Referenz: Essential Trinity Ring Diamantring f\u00fcr Frauen und M\u00e4nner EH-R008-30WG<\/span><\/p>\n<p><span style=\"font-weight: 400;\">Kollektion: Essential <\/span><\/p>\n<p><span style=\"font-weight: 400;\">Schmucktyp: Ringe<\/span><\/p>\n<p><span style=\"font-weight: 400;\">Metall: Wei\u00dfgold<\/span><\/p>\n<p><span style=\"font-weight: 400;\">Steine: Diamant<\/span><\/p>\n<p><span style=\"font-weight: 400;\">Gesamtdiamantgewicht: 0,98 Karat <\/span><\/p>\n<p><span style=\"font-weight: 400;\">Kategorie: Ring f\u00fcr Damen und Herren <\/span><\/p>\n<p>&nbsp;<\/p>\n<p><span style=\"font-weight: 400;\">Alle St\u00fccke der Ehthele Jewelry Kollektion sind einzigartig. Das Gewicht, die Gr\u00f6\u00dfe und das Karatgewicht jedes St\u00fccks k\u00f6nnen von einem zum anderen leicht variieren.<\/span><\/p>\n","protected":false},"featured_media":23737,"template":"","meta":[],"product_cat":[438],"product_tag":[532],"class_list":{"0":"post-63259","1":"product","2":"type-product","3":"status-publish","4":"has-post-thumbnail","6":"product_cat-ringe","7":"product_tag-essential-diamant-kollektion-de-ch","9":"first","10":"instock","11":"shipping-taxable","12":"purchasable","13":"product-type-variable","14":"has-default-attributes"},"acf":[],"_links":{"self":[{"href":"https:\/\/www.ehthele.com\/de-ch\/wp-json\/wp\/v2\/product\/63259","targetHints":{"allow":["GET"]}}],"collection":[{"href":"https:\/\/www.ehthele.com\/de-ch\/wp-json\/wp\/v2\/product"}],"about":[{"href":"https:\/\/www.ehthele.com\/de-ch\/wp-json\/wp\/v2\/types\/product"}],"wp:featuredmedia":[{"embeddable":true,"href":"https:\/\/www.ehthele.com\/de-ch\/wp-json\/wp\/v2\/media\/23737"}],"wp:attachment":[{"href":"https:\/\/www.ehthele.com\/de-ch\/wp-json\/wp\/v2\/media?parent=63259"}],"wp:term":[{"taxonomy":"product_cat","embeddable":true,"href":"https:\/\/www.ehthele.com\/de-ch\/wp-json\/wp\/v2\/product_cat?post=63259"},{"taxonomy":"product_tag","embeddable":true,"href":"https:\/\/www.ehthele.com\/de-ch\/wp-json\/wp\/v2\/product_tag?post=63259"}],"curies":[{"name":"wp","href":"https:\/\/api.w.org\/{rel}","templated":true}]}}