{"id":63243,"date":"2023-06-16T11:38:04","date_gmt":"2023-06-16T11:38:04","guid":{"rendered":"https:\/\/www.ehthele.com\/elixir-ring\/"},"modified":"2023-10-04T17:17:04","modified_gmt":"2023-10-04T17:17:04","slug":"elixir-ring","status":"publish","type":"product","link":"https:\/\/www.ehthele.com\/de-ch\/elixir-ring\/","title":{"rendered":"Elixir Ring"},"content":{"rendered":"<p><span style=\"font-weight: 400;\">Dieser exquisite Ring aus der Elixir Kollektion steht als Symbol f\u00fcr zeitlose Eleganz. Gefertigt aus 18 Karat Gelbgold, ist er mit 26 Brillanten, insgesamt 0,239 Karat, besetzt, die seinen luxuri\u00f6sen Charme unterstreichen. Der zarte Glanz der im Labor gez\u00fcchteten Diamanten verleiht dem goldenen Band einen Hauch von Glamour und erzeugt bei jeder Bewegung ein faszinierendes Lichtspiel. Die akribische Handwerkskunst und die Liebe zum Detail sind in diesem handgefertigten Meisterwerk deutlich erkennbar. Ob allein oder in Kombination mit anderen Ringen getragen, dieses strahlende St\u00fcck ist ein wahres Zeugnis der Sch\u00f6nheit des Hochschmucks.<\/span><\/p>\n","protected":false},"excerpt":{"rendered":"<p><span style=\"font-weight: 400;\">Referenz: Elixir Ring Diamantring f\u00fcr Damen und Herren EH-R006YG<\/span><\/p>\n<p><span style=\"font-weight: 400;\">Kollektion: Elixir<\/span><\/p>\n<p><span style=\"font-weight: 400;\">Schmucktyp: Ringe<\/span><\/p>\n<p><span style=\"font-weight: 400;\">Metall: Gelbgold<\/span><\/p>\n<p><span style=\"font-weight: 400;\">Steine: Diamant<\/span><\/p>\n<p><span style=\"font-weight: 400;\">Gesamtdiamantgewicht: 0,239 Karat<\/span><\/p>\n<p><span style=\"font-weight: 400;\">Kategorie: Ring f\u00fcr Damen und Herren <\/span><\/p>\n<p>&nbsp;<\/p>\n<p><span style=\"font-weight: 400;\">Alle St\u00fccke der Ehthele Jewelry Kollektion sind einzigartig. Das Gewicht, die Gr\u00f6\u00dfe und das Karatgewicht jedes St\u00fccks k\u00f6nnen von einem zum anderen leicht variieren.<\/span><\/p>\n","protected":false},"featured_media":23478,"template":"","meta":[],"product_cat":[438],"product_tag":[526],"class_list":{"0":"post-63243","1":"product","2":"type-product","3":"status-publish","4":"has-post-thumbnail","6":"product_cat-ringe","7":"product_tag-elixir-diamant-kollektion-de-ch","9":"first","10":"instock","11":"shipping-taxable","12":"purchasable","13":"product-type-variable","14":"has-default-attributes"},"acf":[],"_links":{"self":[{"href":"https:\/\/www.ehthele.com\/de-ch\/wp-json\/wp\/v2\/product\/63243","targetHints":{"allow":["GET"]}}],"collection":[{"href":"https:\/\/www.ehthele.com\/de-ch\/wp-json\/wp\/v2\/product"}],"about":[{"href":"https:\/\/www.ehthele.com\/de-ch\/wp-json\/wp\/v2\/types\/product"}],"wp:featuredmedia":[{"embeddable":true,"href":"https:\/\/www.ehthele.com\/de-ch\/wp-json\/wp\/v2\/media\/23478"}],"wp:attachment":[{"href":"https:\/\/www.ehthele.com\/de-ch\/wp-json\/wp\/v2\/media?parent=63243"}],"wp:term":[{"taxonomy":"product_cat","embeddable":true,"href":"https:\/\/www.ehthele.com\/de-ch\/wp-json\/wp\/v2\/product_cat?post=63243"},{"taxonomy":"product_tag","embeddable":true,"href":"https:\/\/www.ehthele.com\/de-ch\/wp-json\/wp\/v2\/product_tag?post=63243"}],"curies":[{"name":"wp","href":"https:\/\/api.w.org\/{rel}","templated":true}]}}