{"id":63398,"date":"2022-03-22T08:09:26","date_gmt":"2022-03-22T08:09:26","guid":{"rendered":"https:\/\/www.ehthele.com\/terms-and-conditions\/"},"modified":"2023-10-05T07:32:56","modified_gmt":"2023-10-05T07:32:56","slug":"bedingungen-und-konditionen","status":"publish","type":"page","link":"https:\/\/www.ehthele.com\/de-ch\/bedingungen-und-konditionen\/","title":{"rendered":"Bedingungen und Konditionen"},"content":{"rendered":"\t\t<div data-elementor-type=\"wp-page\" data-elementor-id=\"63398\" class=\"elementor elementor-63398 elementor-6599\" data-elementor-post-type=\"page\">\n\t\t\t\t\t\t<section class=\"elementor-section elementor-top-section elementor-element elementor-element-47377263 elementor-section-boxed elementor-section-height-default elementor-section-height-default\" data-id=\"47377263\" data-element_type=\"section\">\r\n\t\t\t\t\t\t<div class=\"elementor-container elementor-column-gap-default jws_section_\" >\r\n\t\t\t\t<div class=\"elementor-column elementor-col-100 elementor-top-column elementor-element elementor-element-3879b91b\" data-id=\"3879b91b\" data-element_type=\"column\">\n\t\t\t<div class=\"elementor-widget-wrap elementor-element-populated\">\n\t\t\t\t\t\t<div class=\"elementor-element elementor-element-3e04d55d elementor-widget elementor-widget-text-editor\" data-id=\"3e04d55d\" data-element_type=\"widget\" data-widget_type=\"text-editor.default\">\n\t\t\t\t<div class=\"elementor-widget-container\">\n\t\t\t<style>\/*! elementor - v3.21.0 - 26-05-2024 *\/\n.elementor-widget-text-editor.elementor-drop-cap-view-stacked .elementor-drop-cap{background-color:#69727d;color:#fff}.elementor-widget-text-editor.elementor-drop-cap-view-framed .elementor-drop-cap{color:#69727d;border:3px solid;background-color:transparent}.elementor-widget-text-editor:not(.elementor-drop-cap-view-default) .elementor-drop-cap{margin-top:8px}.elementor-widget-text-editor:not(.elementor-drop-cap-view-default) .elementor-drop-cap-letter{width:1em;height:1em}.elementor-widget-text-editor .elementor-drop-cap{float:left;text-align:center;line-height:1;font-size:50px}.elementor-widget-text-editor .elementor-drop-cap-letter{display:inline-block}<\/style>\t\t\t\t<h4><b>ALLGEMEINE GESCH\u00c4FTSBEDINGUNGEN F\u00dcR DEN ONLINE-VERKAUF (&#171;Die Bedingungen&#187;)<\/b><\/h4><p>\u00a0<\/p><h6><b>1. Informationen zum Unternehmen.<\/b><\/h6><p>\u00a0<\/p><p><b>\u00a0<\/b><span style=\"font-weight: 400;\">Ehthele Limited ist eine nach dem Recht des Vereinigten K\u00f6nigreichs ordnungsgem\u00e4\u00df gegr\u00fcndete Gesellschaft mit beschr\u00e4nkter Haftung mit eingetragenem Sitz in Unit 3 Cedar Court, 1 Royal Oak Yard, London, England, SE1 3GA, und der Firmennummer 07178249; nachstehend als &#171;<\/span><b>Ehthele<\/b><span style=\"font-weight: 400;\">&#187; bezeichnet.<\/span><\/p><p><span style=\"font-weight: 400;\">\u00a0<\/span><\/p><p><span style=\"font-weight: 400;\">Ehthele hat ein Fernverkaufssystem \u00fcber<\/span><a href=\"https:\/\/www.ehthele.com\/\"> <span style=\"font-weight: 400;\">https:\/\/www.ehthele.com\/<\/span><\/a><span style=\"font-weight: 400;\"> (&#171;<\/span><b>Website<\/b><span style=\"font-weight: 400;\">&#171;) eingerichtet. Die auf der Website dargestellten Produkte sind f\u00fcr den Versand an folgende Orte bestimmt: Europa, einschlie\u00dflich Vereinigtes K\u00f6nigreich und Schweiz.<\/span><\/p><p><span style=\"font-weight: 400;\">\u00a0<\/span><\/p><h6><b>2. Umfang der Anwendung.<\/b><\/h6><p><span style=\"font-weight: 400;\">\u00a0<\/span><\/p><p><span style=\"font-weight: 400;\">Die Bedingungen gelten f\u00fcr alle K\u00e4ufe der von Ehthele auf der Website angebotenen Produkte durch nat\u00fcrliche Personen oder Unternehmen (&#171;<\/span><b>Kunde\/n&#187;<\/b><span style=\"font-weight: 400;\">).<\/span><\/p><p><span style=\"font-weight: 400;\">\u00a0<\/span><\/p><p><span style=\"font-weight: 400;\">Alle K\u00e4ufe von Produkten, die \u00fcber die Website get\u00e4tigt werden, setzen voraus, dass der\/die Kunde(n) den Bedingungen voll und ganz zugestimmt hat\/haben.<\/span><\/p><p><span style=\"font-weight: 400;\">\u00a0<\/span><\/p><p><span style=\"font-weight: 400;\">Ehthele beh\u00e4lt sich die M\u00f6glichkeit vor, die Bedingungen jederzeit und ohne Vorank\u00fcndigung zu \u00e4ndern. K\u00e4ufe, die zu Bedingungen vor einer \u00c4nderung get\u00e4tigt werden, werden nach den zum Zeitpunkt der Transaktion geltenden Bedingungen behandelt.<\/span><\/p><p><span style=\"font-weight: 400;\">\u00a0<\/span><\/p><h6><b>3. Kaufverfahren.<\/b><\/h6><p><span style=\"font-weight: 400;\">\u00a0<\/span><\/p><p><span style=\"font-weight: 400;\">Um auf der Website einzukaufen, muss der Kunde pers\u00f6nliche Daten angeben (weitere Informationen finden Sie in der Datenschutzrichtlinie). Zumindest muss der Kunde seinen wirklichen Namen, seine Telefonnummer, seine E-Mail-Adresse und andere im Registrierungs-\/Bestellprozess angegebene Daten angeben.<\/span><\/p><p><span style=\"font-weight: 400;\">\u00a0<\/span><\/p><p><span style=\"font-weight: 400;\">Der Kunde muss g\u00fcltige und korrekte Zahlungsdaten angeben. Ehthele \u00fcbernimmt keine Verantwortung f\u00fcr Geb\u00fchren oder Kosten, die auf die Unrichtigkeit der vorherigen Informationen zur\u00fcckzuf\u00fchren sind, da der Kunde diese Kosten selbst tragen muss.<\/span><\/p><p><span style=\"font-weight: 400;\">\u00a0<\/span><\/p><p><span style=\"font-weight: 400;\">Wenn eine Bestellung aufgegeben wurde, erh\u00e4lt der Kunde eine E-Mail, in der die Einzelheiten der Bestellung best\u00e4tigt werden. Diese E-Mail ist KEINE Annahme der Bestellung, sondern nur eine Best\u00e4tigung, dass die Mitarbeiter von Ehthele sie erhalten haben.<\/span><\/p><p><span style=\"font-weight: 400;\">\u00a0<\/span><\/p><p><span style=\"font-weight: 400;\">Sofern der Kunde die Bestellung nicht storniert, wird die Annahme und der Abschluss des Vertrages zwischen dem Kunden und Ehthele vollzogen, wenn Ehthele dem Kunden per E-Mail best\u00e4tigt, dass die Ware versandt wurde. Der Kaufvertrag wird daher in London, England, geschlossen, und die Vertragssprache ist Englisch.<\/span><\/p><p><span style=\"font-weight: 400;\">\u00a0<\/span><\/p><p><span style=\"font-weight: 400;\">Ehthele beh\u00e4lt sich das Recht vor, die Bestellung nicht anzunehmen, z.B. wenn Ehthele keine Zahlungserm\u00e4chtigung erhalten kann, wenn f\u00fcr einen bestimmten Artikel Versandbeschr\u00e4nkungen gelten, wenn der bestellte Artikel nicht vorr\u00e4tig ist oder wenn er unseren Qualit\u00e4tskontrollstandards nicht entspricht und zur\u00fcckgezogen wird. In diesem Fall wird der Kunde so schnell wie m\u00f6glich per E-Mail dar\u00fcber informiert, dass die Produkte nicht verf\u00fcgbar sind und dass die Bestellung ganz oder teilweise storniert wurde.<\/span><\/p><p><span style=\"font-weight: 400;\">\u00a0<\/span><\/p><p><span style=\"font-weight: 400;\">Im Falle einer Stornierung der gesamten Bestellung setzen sich die Mitarbeiter von Ehthele mit dem Kunden in Verbindung, um ihn \u00fcber die Stornierung zu informieren, und erstatten ihm dann so schnell wie m\u00f6glich, sp\u00e4testens jedoch drei\u00dfig (30) Tage nach der Stornierung der Bestellung, den Gesamtpreis der Bestellung.<\/span><\/p><p><span style=\"font-weight: 400;\">\u00a0<\/span><\/p><p><span style=\"font-weight: 400;\">Wenn ein Auftrag teilweise storniert wird:<\/span><\/p><p><span style=\"font-weight: 400;\">\u00a0<\/span><\/p><ul><li><span style=\"font-weight: 400;\">Die Bestellung wird best\u00e4tigt und das Bankkonto wird mit dem Gesamtbetrag der Bestellung belastet.<\/span><\/li><li><span style=\"font-weight: 400;\">Die verf\u00fcgbaren Produkte werden an den Kunden versandt. Die Mitarbeiter von Ehthele werden sich mit dem Kunden in Verbindung setzen, um ihn \u00fcber die Nichtverf\u00fcgbarkeit der Produkte zu informieren und eine R\u00fcckerstattung zu gew\u00e4hren, die so schnell wie m\u00f6glich und nicht sp\u00e4ter als drei\u00dfig (30) Tage nach dem Versand erfolgen wird.<\/span><\/li><\/ul><p><span style=\"font-weight: 400;\">\u00a0<\/span><\/p><p><span style=\"font-weight: 400;\">Die Zahlung kann durch den Kunden per Debit-\/Kreditkarte oder andere Zahlungsmethoden wie Paypal oder Bank\u00fcberweisung erfolgen, wie auf unserer Website von Zeit zu Zeit angek\u00fcndigt. Die Zahlung wird bei Versand der Bestellung durch Ehthele vom Kundenkonto abgebucht und verrechnet.<\/span><\/p><p><span style=\"font-weight: 400;\">\u00a0<\/span><\/p><p><span style=\"font-weight: 400;\">Der Kunde best\u00e4tigt, dass die verwendete Kredit-\/Debitkarte sein Eigentum ist oder dass er vom Inhaber der Kredit-\/Debitkarte ausdr\u00fccklich zu deren Verwendung erm\u00e4chtigt wurde. Jeder Inhaber einer Kredit-\/Debitkarte unterliegt der Validierungspr\u00fcfung und Autorisierung durch den Kartenaussteller. Verweigert der Kartenaussteller die Genehmigung der Zahlung an Ehthele, so haftet Ehthele nicht f\u00fcr Verz\u00f6gerungen oder Nichtlieferungen.<\/span><\/p><p><span style=\"font-weight: 400;\">\u00a0<\/span><\/p><p><span style=\"font-weight: 400;\">Ehthele beh\u00e4lt sich das Recht vor, die Bearbeitung eines Auftrags und\/oder einer Lieferung unabh\u00e4ngig von der Art oder Phase der Bearbeitung auszusetzen oder zu stornieren, wenn der Kunde mit der Zahlung oder der teilweisen Zahlung eines eventuell geschuldeten Betrags in Verzug ist, wenn es ein Zahlungsproblem gibt oder wenn ein Betrug oder ein Betrugsversuch im Zusammenhang mit der Nutzung der Website vorliegt, auch in Bezug auf fr\u00fchere Bestellungen.<\/span><\/p><p><span style=\"font-weight: 400;\">\u00a0<\/span><\/p><h6><b>4. Preismodell.<\/b><\/h6><p><span style=\"font-weight: 400;\">Die Versandkosten sind in den auf der Website angegebenen Produktpreisen enthalten, da die Artikel innerhalb Europas, Gro\u00dfbritanniens oder der Schweiz geliefert werden.<\/span><\/p><p><span style=\"font-weight: 400;\">\u00a0<\/span><\/p><p><span style=\"font-weight: 400;\">Ehthele \u00fcberpr\u00fcft regelm\u00e4\u00dfig die Preise auf der Website, um sicherzustellen, dass sie korrekt sind, aber manchmal k\u00f6nnen Fehler passieren. Wenn die Mitarbeiter von Ehthele einen Preisfehler bei einer Bestellung feststellen, werden sie den Kunden so schnell wie m\u00f6glich informieren.<\/span><\/p><p><span style=\"font-weight: 400;\">\u00a0<\/span><\/p><p><span style=\"font-weight: 400;\">Ehthele hat das Recht, eine Bestellung mit einem falschen Preis zu stornieren. Wenn die Bestellung bereits bezahlt wurde, erh\u00e4lt der Kunde den vollen Betrag zur\u00fcck, und wenn er die Bestellung erhalten hat, muss er sie an Ehthele zur\u00fcckschicken.<\/span><\/p><p><span style=\"font-weight: 400;\">\u00a0<\/span><\/p><p><span style=\"font-weight: 400;\">In der Bestellbest\u00e4tigungs-E-Mail wird dem Kunden angezeigt, wie viel er f\u00fcr jeden Artikel bezahlt hat.<\/span><\/p><p><span style=\"font-weight: 400;\">\u00a0<\/span><\/p><p><span style=\"font-weight: 400;\">Der Mehrwertsteuersatz kann je nach dem Land, in das die Artikel geliefert werden, unterschiedlich sein.<\/span><\/p><p><span style=\"font-weight: 400;\">\u00a0<\/span><\/p><p><span style=\"font-weight: 400;\">Die Mehrwertsteuer f\u00fcr die Bestellung des Kunden wird berechnet, wenn die Bestellung versandfertig ist. \u00c4nderungen der Gesetze, die sich auf den Mehrwertsteuersatz auswirken, zwischen dem Zeitpunkt der Bestellung und dem Erhalt der Auftragsbest\u00e4tigung per E-Mail k\u00f6nnen den Steuerbetrag f\u00fcr die Bestellung des Kunden \u00e4ndern. Wenn dies zu einer h\u00f6heren Steuer f\u00fcr den Kauf des Kunden f\u00fchrt, wird Ehthele ihn bitten, seine Bestellung erneut zu best\u00e4tigen.<\/span><\/p><p><span style=\"font-weight: 400;\">\u00a0<\/span><\/p><h6><b>5. Einhaltung der Vorschriften<\/b><span style=\"font-weight: 400;\">.<\/span><\/h6><p><span style=\"font-weight: 400;\">GOLD: Ehthele Produkte werden aus 750er Gold \/ 18 K.<\/span><\/p><p><span style=\"font-weight: 400;\">\u00a0<\/span><\/p><p><span style=\"font-weight: 400;\">DIAMANTEN: Die von Ehthele vermarkteten Diamanten sind im Labor gez\u00fcchtete Diamanten.<\/span><\/p><p><span style=\"font-weight: 400;\">\u00a0<\/span><\/p><h6><b>6. Versandarten<\/b><b>.<\/b><\/h6><p><b>Zustellung per Spediteur<\/b><\/p><p><span style=\"font-weight: 400;\">\u00a0<\/span><\/p><p><span style=\"font-weight: 400;\">Die Lieferzeit f\u00fcr die Produkte betr\u00e4gt sch\u00e4tzungsweise zwischen sieben (7) und vierzehn (14) Tagen nach Versand der Bestellung. <\/span><span style=\"font-weight: 400;\">Die Kunden erhalten eine E-Mail, um sie zu benachrichtigen, wenn die Bestellung versandt wurde.<\/span><\/p><p><span style=\"font-weight: 400;\">\u00a0<\/span><\/p><p><span style=\"font-weight: 400;\">Die Versandkosten sind kostenlos, solange die Artikel innerhalb Europas, Gro\u00dfbritanniens oder der Schweiz geliefert werden.<\/span><\/p><p><span style=\"font-weight: 400;\">\u00a0<\/span><\/p><p><span style=\"font-weight: 400;\">Manchmal kann es zu Verz\u00f6gerungen kommen, auf die wir keinen Einfluss haben, z. B. aus folgenden Gr\u00fcnden:<\/span><\/p><p><span style=\"font-weight: 400;\">\u00a0<\/span><\/p><ul><li><span style=\"font-weight: 400;\">Unerwartete Ereignisse<\/span><\/li><li><span style=\"font-weight: 400;\">Liefergebiet<\/span><\/li><li><span style=\"font-weight: 400;\">Verkehrsprobleme<\/span><\/li><\/ul><p><span style=\"font-weight: 400;\">\u00a0<\/span><\/p><p><span style=\"font-weight: 400;\">Der Kunde muss eine vollst\u00e4ndige und genaue Lieferadresse angeben, einschlie\u00dflich Hausnummer, Geb\u00e4ude, Treppenhaus, Zugangscode, Nummer der Gegensprechanlage usw., um die Einhaltung der Lieferfrist zu gew\u00e4hrleisten.<\/span><\/p><p><span style=\"font-weight: 400;\">\u00a0<\/span><\/p><p><span style=\"font-weight: 400;\">Ehthele ist f\u00fcr die Produkte verantwortlich, bis sie an den Kunden geliefert werden. Danach ist der Kunde f\u00fcr sie verantwortlich, sobald er sie an der von ihm angegebenen Lieferadresse erh\u00e4lt.<\/span><\/p><p><span style=\"font-weight: 400;\">\u00a0<\/span><\/p><p><span style=\"font-weight: 400;\">Um Streitigkeiten zu vermeiden, r\u00e4t Ehthele dem Kunden, den Zustand der Produkte bei Erhalt zu \u00fcberpr\u00fcfen und, wenn m\u00f6glich, die festgestellten M\u00e4ngel auf dem Lieferschein zu vermerken und zu unterschreiben (Paket wurde ge\u00f6ffnet, Produkt ist besch\u00e4digt, usw.).<\/span><\/p><p><span style=\"font-weight: 400;\">\u00a0<\/span><\/p><h6><b>7. R\u00fcckgabe oder <\/b><b>Stornierung der <\/b><b>Bestellung.<\/b><\/h6><p><span style=\"font-weight: 400;\">Der Kunde kann seine Bestellung aus beliebigen Gr\u00fcnden innerhalb von 14 (vierzehn) Tagen nach Erhalt des Produkts, das er stornieren m\u00f6chte, stornieren. Wenn die Bestellung des Kunden mehr als ein Produkt enth\u00e4lt oder die Produkte zu unterschiedlichen Zeiten geliefert wurden, kann der Kunde bis zu 14 Tage, nachdem er oder eine von ihm gew\u00e4hlte Person (nicht der Spediteur) den letzten Artikel oder die letzte Lieferung erhalten hat, widerrufen. Es werden nur Bestellungen in einwandfreiem Zustand zur\u00fcckgenommen.<\/span><\/p><p><span style=\"font-weight: 400;\">\u00a0<\/span><\/p><p><span style=\"font-weight: 400;\">Weitere Informationen finden Sie in den R\u00fcckgabebedingungen, die unter <\/span><span style=\"font-weight: 400;\">verf\u00fcgbar sind <a href=\"\/de-ch\/ruckgabe-politik\/\/\">hier<\/a>.<\/span><\/p><p>\u00a0<\/p><h6><b>8. Garantie<\/b><span style=\"font-weight: 400;\">.<\/span>\u00a0<\/h6><p><span style=\"font-weight: 400;\">Sie haben eine <\/span><span style=\"font-weight: 400;\">24-monatige Garantie ab <\/span><span style=\"font-weight: 400;\">dem Datum, an dem Sie unsere Produkte kaufen. Das bedeutet, dass wir jedes Teil reparieren oder ersetzen, das aufgrund unserer Herstellungsweise fehlerhaft ist, sofern Sie es innerhalb dieser Zeit an uns zur\u00fccksenden. Wir entscheiden dann, ob wir das Teil reparieren oder ersetzen. Nach Ablauf der 24 Monate m\u00fcssen Sie f\u00fcr den Service oder die Reparatur aufkommen.<\/span><\/p><p><span style=\"font-weight: 400;\">\u00a0<\/span><\/p><p><span style=\"font-weight: 400;\">Die Garantie gilt nicht, wenn:<\/span><\/p><ul><li><span style=\"font-weight: 400;\">Sie das Produkt durch falschen Gebrauch, Unachtsamkeit oder einen Unfall besch\u00e4digen,<\/span><\/li><li><span style=\"font-weight: 400;\">das Produkt besch\u00e4digt wird, z.B. durch St\u00fcrze, Schl\u00e4ge, Druck, Kratzer usw., oder weil Sie es selbst oder durch eine Person, die nicht von Ehthele stammt, ver\u00e4ndert, ge\u00f6ffnet oder repariert haben, oder weil Sie Teile oder Zubeh\u00f6r verwendet haben, die Ehthele nicht empfohlen hat.<\/span><\/li><li><span style=\"font-weight: 400;\">wir die Seriennummer, die wir auf dem Produkt eingraviert haben, nicht sehen k\u00f6nnen, oder irgendein Teil des Produkts fehlt, anders ist, ver\u00e4ndert, ersetzt, gel\u00f6scht oder unklar ist.<\/span><\/li><li><span style=\"font-weight: 400;\">das Produkt normal gereinigt oder gewartet werden muss oder es Anzeichen von normalem Gebrauch und Alterung aufweist.<\/span><\/li><\/ul><p><span style=\"font-weight: 400;\">\u00a0<\/span><\/p><h6><b>9. Materialien<\/b><span style=\"font-weight: 400;\">.<\/span><\/h6><p><span style=\"font-weight: 400;\">Das auf unserer Website dargestellte Material wird ohne jegliche Garantien, Bedingungen oder Gew\u00e4hrleistungen hinsichtlich seiner Richtigkeit bereitgestellt. Soweit dies gesetzlich zul\u00e4ssig ist, schlie\u00dft Ehthele hiermit ausdr\u00fccklich alle Bedingungen, Garantien und sonstigen Bestimmungen aus, die andernfalls durch Gesetz oder Gewohnheitsrecht impliziert werden k\u00f6nnten.<\/span><\/p><p><span style=\"font-weight: 400;\">\u00a0<\/span><\/p><p><span style=\"font-weight: 400;\">Jegliche Haftung f\u00fcr direkte, indirekte oder Folgesch\u00e4den, die einem Nutzer in Verbindung mit unserer Website oder in Verbindung mit der Nutzung, der Unm\u00f6glichkeit der Nutzung oder den Ergebnissen der Nutzung unserer Website, jeglicher mit ihr verlinkter Websites und jeglicher auf ihr ver\u00f6ffentlichten Materialien entstehen, einschlie\u00dflich:<\/span><\/p><p><span style=\"font-weight: 400;\">\u00a0<\/span><\/p><ul><li><span style=\"font-weight: 400;\">Verlust von Einkommen oder Einnahmen;<\/span><\/li><li><span style=\"font-weight: 400;\">Verlust von Gesch\u00e4ftsm\u00f6glichkeiten;<\/span><\/li><li><span style=\"font-weight: 400;\">Verlust von Gewinnen oder Vertr\u00e4gen;<\/span><\/li><li><span style=\"font-weight: 400;\">Verlust von erwarteten Einsparungen;<\/span><\/li><li><span style=\"font-weight: 400;\">Verlust von Daten;<\/span><\/li><li><span style=\"font-weight: 400;\">Verlust des Firmenwerts.<\/span><\/li><\/ul><p><span style=\"font-weight: 400;\">\u00a0<\/span><\/p><h6><b>10. Rechtsstreitigkeiten<\/b><\/h6><p><span style=\"font-weight: 400;\">Die ausschlie\u00dfliche Zust\u00e4ndigkeit f\u00fcr alle Anspr\u00fcche, die sich aus diesen Bedingungen ergeben oder damit in Zusammenhang stehen, liegt bei den englischen Gerichten, obwohl wir uns das Recht vorbehalten, Sie wegen Verletzung dieser Bedingungen in Ihrem Wohnsitzland oder einem anderen relevanten Land zu belangen.<\/span><\/p><p><span style=\"font-weight: 400;\">Diese Bedingungen und alle Streitigkeiten oder Anspr\u00fcche, die sich aus ihnen oder in Verbindung mit ihnen oder ihrem Gegenstand oder ihrer Entstehung ergeben (einschlie\u00dflich au\u00dfervertraglicher Streitigkeiten oder Anspr\u00fcche), unterliegen dem Recht von England und Wales und werden nach diesem ausgelegt.<\/span><\/p>\t\t\t\t\t\t<\/div>\n\t\t\t\t<\/div>\n\t\t\t\t\t<\/div>\n\t\t<\/div>\n\t\t\t\t      \r\n            \r\n              \r\n            \r\n            \t\r\n\t\t\t<\/div>\r\n\t\t<\/section>\r\n\t\t\t\t<\/div>\n\t\t","protected":false},"excerpt":{"rendered":"<p>ALLGEMEINE GESCH\u00c4FTSBEDINGUNGEN F\u00dcR DEN ONLINE-VERKAUF (&#171;Die Bedingungen&#187;) \u00a0 1. Informationen zum Unternehmen. \u00a0 \u00a0Ehthele Limited ist eine nach dem Recht des Vereinigten K\u00f6nigreichs ordnungsgem\u00e4\u00df gegr\u00fcndete Gesellschaft mit beschr\u00e4nkter Haftung mit eingetragenem Sitz in Unit 3 Cedar Court, 1 Royal Oak Yard, London, England, SE1 3GA, und der Firmennummer 07178249; nachstehend als &#171;Ehthele&#187; bezeichnet. \u00a0 Ehthele [&hellip;]<\/p>\n","protected":false},"author":1,"featured_media":0,"parent":0,"menu_order":0,"comment_status":"closed","ping_status":"closed","template":"elementor_theme","meta":{"footnotes":""},"class_list":["post-63398","page","type-page","status-publish","hentry"],"acf":[],"_links":{"self":[{"href":"https:\/\/www.ehthele.com\/de-ch\/wp-json\/wp\/v2\/pages\/63398","targetHints":{"allow":["GET"]}}],"collection":[{"href":"https:\/\/www.ehthele.com\/de-ch\/wp-json\/wp\/v2\/pages"}],"about":[{"href":"https:\/\/www.ehthele.com\/de-ch\/wp-json\/wp\/v2\/types\/page"}],"author":[{"embeddable":true,"href":"https:\/\/www.ehthele.com\/de-ch\/wp-json\/wp\/v2\/users\/1"}],"replies":[{"embeddable":true,"href":"https:\/\/www.ehthele.com\/de-ch\/wp-json\/wp\/v2\/comments?post=63398"}],"version-history":[{"count":7,"href":"https:\/\/www.ehthele.com\/de-ch\/wp-json\/wp\/v2\/pages\/63398\/revisions"}],"predecessor-version":[{"id":63405,"href":"https:\/\/www.ehthele.com\/de-ch\/wp-json\/wp\/v2\/pages\/63398\/revisions\/63405"}],"wp:attachment":[{"href":"https:\/\/www.ehthele.com\/de-ch\/wp-json\/wp\/v2\/media?parent=63398"}],"curies":[{"name":"wp","href":"https:\/\/api.w.org\/{rel}","templated":true}]}}