{"id":63362,"date":"2021-12-28T04:17:10","date_gmt":"2021-12-28T04:17:10","guid":{"rendered":"https:\/\/www.ehthele.com\/return-policy\/"},"modified":"2023-10-05T07:10:32","modified_gmt":"2023-10-05T07:10:32","slug":"ruckgabe-politik","status":"publish","type":"page","link":"https:\/\/www.ehthele.com\/de-ch\/ruckgabe-politik\/","title":{"rendered":"R\u00fcckgabe-politik"},"content":{"rendered":"\t\t<div data-elementor-type=\"wp-page\" data-elementor-id=\"63362\" class=\"elementor elementor-63362 elementor-24\" data-elementor-post-type=\"page\">\n\t\t\t\t\t\t<section class=\"elementor-section elementor-top-section elementor-element elementor-element-6f649ef7 elementor-section-boxed elementor-section-height-default elementor-section-height-default\" data-id=\"6f649ef7\" data-element_type=\"section\">\r\n\t\t\t\t\t\t<div class=\"elementor-container elementor-column-gap-default jws_section_\" >\r\n\t\t\t\t<div class=\"elementor-column elementor-col-100 elementor-top-column elementor-element elementor-element-3c69f8ac\" data-id=\"3c69f8ac\" data-element_type=\"column\">\n\t\t\t<div class=\"elementor-widget-wrap elementor-element-populated\">\n\t\t\t\t\t\t<div class=\"elementor-element elementor-element-377c6fa1 elementor-widget elementor-widget-text-editor\" data-id=\"377c6fa1\" data-element_type=\"widget\" data-widget_type=\"text-editor.default\">\n\t\t\t\t<div class=\"elementor-widget-container\">\n\t\t\t<style>\/*! elementor - v3.21.0 - 26-05-2024 *\/\n.elementor-widget-text-editor.elementor-drop-cap-view-stacked .elementor-drop-cap{background-color:#69727d;color:#fff}.elementor-widget-text-editor.elementor-drop-cap-view-framed .elementor-drop-cap{color:#69727d;border:3px solid;background-color:transparent}.elementor-widget-text-editor:not(.elementor-drop-cap-view-default) .elementor-drop-cap{margin-top:8px}.elementor-widget-text-editor:not(.elementor-drop-cap-view-default) .elementor-drop-cap-letter{width:1em;height:1em}.elementor-widget-text-editor .elementor-drop-cap{float:left;text-align:center;line-height:1;font-size:50px}.elementor-widget-text-editor .elementor-drop-cap-letter{display:inline-block}<\/style>\t\t\t\t<h4><b>R\u00dcCKGABE-POLITIK<\/b><\/h4><p><b>\u00a0<\/b><\/p><p><span style=\"font-weight: 400;\">Sie k\u00f6nnen Ihr Widerrufsrecht oder Ihr R\u00fcckgaberecht f\u00fcr das\/die Produkt(e) aus\u00fcben, indem Sie das nachstehende Verfahren befolgen:<\/span><\/p><p><span style=\"font-weight: 400;\">\u00a0<\/span><\/p><p><span style=\"font-weight: 400;\">Senden Sie innerhalb von vierzehn (14) Tagen nach Erhalt Ihrer Bestellung eine E-Mail an <\/span><b>contact@ehthele.com.<\/b><span style=\"font-weight: 400;\"> Diese E-Mail sollte die Bestell-ID enthalten, die Sie in Ihrer Bestellbest\u00e4tigung finden.<\/span><\/p><p><b>\u00a0<\/b><\/p><p><span style=\"font-weight: 400;\">Nach Erhalt der E-Mail wird sich unser Team mit Ihnen in Verbindung setzen, um Ihnen die Postadresse mitzuteilen, an die das Paket mit den zur\u00fcckzusendenden Artikeln geschickt werden soll. Bitte sichern Sie das\/die Produkt(e) und das gesamte Originalverpackungsmaterial, den Packzettel, in einem einfach verpackten Karton.<\/span><\/p><p><span style=\"font-weight: 400;\">\u00a0<\/span><\/p><p><span style=\"font-weight: 400;\">Senden Sie die Ware(n) nur per Einschreiben. Zu Ihrem Schutz versichern Sie bitte das Paket f\u00fcr den vollen Rechnungsbetrag plus Versandkosten. Ehthele Limited ist nicht verantwortlich f\u00fcr Artikel, die w\u00e4hrend des Versands verloren gehen oder besch\u00e4digt werden.<\/span><\/p><p><span style=\"font-weight: 400;\">\u00a0<\/span><\/p><p><span style=\"font-weight: 400;\">Die R\u00fccksendung unterliegt bestimmten Regeln:<\/span><\/p><p><span style=\"font-weight: 400;\">\u00a0<\/span><\/p><p><span style=\"font-weight: 400;\">Das Produkt muss innerhalb von vierzehn (14) Tagen ab dem Datum der Lieferung der Bestellung bei Ehthele Limited eingehen.<\/span><\/p><p><span style=\"font-weight: 400;\">\u00a0<\/span><\/p><p><span style=\"font-weight: 400;\">Jeder Artikel muss in demselben Zustand zur\u00fcckgegeben werden, in dem er verschickt wurde, ungetragen und unbesch\u00e4digt. Besch\u00e4digte Waren, die auf Ihre Nachl\u00e4ssigkeit zur\u00fcckzuf\u00fchren sind, werden nicht zur Erstattung akzeptiert.<\/span><\/p><p><span style=\"font-weight: 400;\">\u00a0<\/span><\/p><p><span style=\"font-weight: 400;\">Aus hygienischen Gr\u00fcnden werden die Ohrringe in einer versiegelten, transparenten Plastikt\u00fcte versandt. Ihre Ohrring-Bestellung kann nur dann erstattet werden, wenn sie so zur\u00fcckgeschickt wird, wie Sie sie erhalten haben.<\/span><\/p><p><span style=\"font-weight: 400;\">\u00a0<\/span><\/p><p><span style=\"font-weight: 400;\">F\u00fcr Bestellungen, die unter der vorgenannten Bedingung storniert werden, wird Ehthele Limited Ihnen eine volle R\u00fcckerstattung abz\u00fcglich der Porto- und Verpackungskosten gew\u00e4hren.<\/span><\/p><p><span style=\"font-weight: 400;\">\u00a0<\/span><\/p><p><span style=\"font-weight: 400;\">Die Erstattung erfolgt in der gleichen Form wie beim urspr\u00fcnglichen Kauf.<\/span><\/p><p><span style=\"font-weight: 400;\">\u00a0<\/span><\/p><p><span style=\"font-weight: 400;\">Alle Anfragen werden bearbeitet, nachdem unser B\u00fcro den Zustand der Produkte gepr\u00fcft und verifiziert hat. Die Bearbeitung von R\u00fcckerstattungen dauert bis zu f\u00fcnfzehn (15) Werktage nach Erhalt der Ware.<\/span><\/p><p><span style=\"font-weight: 400;\">\u00a0<\/span><\/p><p><span style=\"font-weight: 400;\">Bitte beachten Sie, dass Ehthele keine R\u00fccksendungen von bespoken Bestellungen (z.B. Schmuck, der f\u00fcr den Kunden angefertigt wurde) akzeptiert.<\/span><\/p>\t\t\t\t\t\t<\/div>\n\t\t\t\t<\/div>\n\t\t\t\t\t<\/div>\n\t\t<\/div>\n\t\t\t\t      \r\n            \r\n              \r\n            \r\n            \t\r\n\t\t\t<\/div>\r\n\t\t<\/section>\r\n\t\t\t\t<\/div>\n\t\t","protected":false},"excerpt":{"rendered":"<p>R\u00dcCKGABE-POLITIK \u00a0 Sie k\u00f6nnen Ihr Widerrufsrecht oder Ihr R\u00fcckgaberecht f\u00fcr das\/die Produkt(e) aus\u00fcben, indem Sie das nachstehende Verfahren befolgen: \u00a0 Senden Sie innerhalb von vierzehn (14) Tagen nach Erhalt Ihrer Bestellung eine E-Mail an contact@ehthele.com. Diese E-Mail sollte die Bestell-ID enthalten, die Sie in Ihrer Bestellbest\u00e4tigung finden. \u00a0 Nach Erhalt der E-Mail wird sich unser [&hellip;]<\/p>\n","protected":false},"author":1,"featured_media":0,"parent":0,"menu_order":0,"comment_status":"closed","ping_status":"closed","template":"","meta":{"footnotes":""},"class_list":["post-63362","page","type-page","status-publish","hentry"],"acf":[],"_links":{"self":[{"href":"https:\/\/www.ehthele.com\/de-ch\/wp-json\/wp\/v2\/pages\/63362","targetHints":{"allow":["GET"]}}],"collection":[{"href":"https:\/\/www.ehthele.com\/de-ch\/wp-json\/wp\/v2\/pages"}],"about":[{"href":"https:\/\/www.ehthele.com\/de-ch\/wp-json\/wp\/v2\/types\/page"}],"author":[{"embeddable":true,"href":"https:\/\/www.ehthele.com\/de-ch\/wp-json\/wp\/v2\/users\/1"}],"replies":[{"embeddable":true,"href":"https:\/\/www.ehthele.com\/de-ch\/wp-json\/wp\/v2\/comments?post=63362"}],"version-history":[{"count":5,"href":"https:\/\/www.ehthele.com\/de-ch\/wp-json\/wp\/v2\/pages\/63362\/revisions"}],"predecessor-version":[{"id":63370,"href":"https:\/\/www.ehthele.com\/de-ch\/wp-json\/wp\/v2\/pages\/63362\/revisions\/63370"}],"wp:attachment":[{"href":"https:\/\/www.ehthele.com\/de-ch\/wp-json\/wp\/v2\/media?parent=63362"}],"curies":[{"name":"wp","href":"https:\/\/api.w.org\/{rel}","templated":true}]}}